{"id":932,"date":"2023-03-20T16:32:03","date_gmt":"2023-03-20T15:32:03","guid":{"rendered":"https:\/\/www.sdcv.org\/?page_id=932"},"modified":"2023-03-20T16:32:03","modified_gmt":"2023-03-20T15:32:03","slug":"les-equipes-de-la-paroisse","status":"publish","type":"page","link":"https:\/\/www.sdcv.org\/?page_id=932","title":{"rendered":"Les \u00e9quipes de la paroisse"},"content":{"rendered":"\n<p>Les diff\u00e9rentes \u00e9quipes sont:<br>1. Communication (affichage pendant la messe, relai  des informations,site web)<br>2. M\u00e9nage et entretien de l&rsquo;\u00e9glise et des espaces ext\u00e9rieurs<br>3. Chorale, liturgie et d\u00e9coration de l&rsquo;\u00e9glise<br>4. Solidarit\u00e9 ( Accueil de Jour, Cent pour un toit)<\/p>\n","protected":false},"excerpt":{"rendered":"<p>Les diff\u00e9rentes \u00e9quipes sont:1. Communication (affichage pendant la messe, relai des informations,site web)2. M\u00e9nage et entretien de l&rsquo;\u00e9glise et des espaces ext\u00e9rieurs3. Chorale, liturgie et d\u00e9coration de l&rsquo;\u00e9glise4. Solidarit\u00e9 ( Accueil de Jour, Cent pour un toit)<\/p>\n","protected":false},"author":1,"featured_media":0,"parent":0,"menu_order":0,"comment_status":"closed","ping_status":"closed","template":"","meta":{"footnotes":""},"class_list":["post-932","page","type-page","status-publish","hentry"],"_links":{"self":[{"href":"https:\/\/www.sdcv.org\/index.php?rest_route=\/wp\/v2\/pages\/932","targetHints":{"allow":["GET"]}}],"collection":[{"href":"https:\/\/www.sdcv.org\/index.php?rest_route=\/wp\/v2\/pages"}],"about":[{"href":"https:\/\/www.sdcv.org\/index.php?rest_route=\/wp\/v2\/types\/page"}],"author":[{"embeddable":true,"href":"https:\/\/www.sdcv.org\/index.php?rest_route=\/wp\/v2\/users\/1"}],"replies":[{"embeddable":true,"href":"https:\/\/www.sdcv.org\/index.php?rest_route=%2Fwp%2Fv2%2Fcomments&post=932"}],"version-history":[{"count":1,"href":"https:\/\/www.sdcv.org\/index.php?rest_route=\/wp\/v2\/pages\/932\/revisions"}],"predecessor-version":[{"id":933,"href":"https:\/\/www.sdcv.org\/index.php?rest_route=\/wp\/v2\/pages\/932\/revisions\/933"}],"wp:attachment":[{"href":"https:\/\/www.sdcv.org\/index.php?rest_route=%2Fwp%2Fv2%2Fmedia&parent=932"}],"curies":[{"name":"wp","href":"https:\/\/api.w.org\/{rel}","templated":true}]}}