{"id":888,"date":"2023-03-03T19:04:44","date_gmt":"2023-03-03T18:04:44","guid":{"rendered":"https:\/\/www.sdcv.org\/?page_id=888"},"modified":"2023-03-03T22:13:15","modified_gmt":"2023-03-03T21:13:15","slug":"annee-2021-2022","status":"publish","type":"page","link":"https:\/\/www.sdcv.org\/?page_id=888","title":{"rendered":"Ann\u00e9e pastorale 2021-2022"},"content":{"rendered":"\n<p><\/p>\n\n\n\n<figure class=\"wp-block-image size-full\"><a href=\"https:\/\/www.sdcv.org\/?attachment_id=889\"><img loading=\"lazy\" decoding=\"async\" width=\"794\" height=\"447\" src=\"https:\/\/www.sdcv.org\/wp-content\/uploads\/2023\/03\/montage_st_defendent_dec822.jpg\" alt=\"\" class=\"wp-image-889\" srcset=\"https:\/\/www.sdcv.org\/wp-content\/uploads\/2023\/03\/montage_st_defendent_dec822.jpg 794w, https:\/\/www.sdcv.org\/wp-content\/uploads\/2023\/03\/montage_st_defendent_dec822-300x169.jpg 300w, https:\/\/www.sdcv.org\/wp-content\/uploads\/2023\/03\/montage_st_defendent_dec822-768x432.jpg 768w\" sizes=\"auto, (max-width: 794px) 100vw, 794px\" \/><\/a><\/figure>\n\n\n\n<p class=\"has-text-align-center\"><a href=\"https:\/\/www.sdcv.org\/wp-content\/uploads\/2023\/03\/montage_st_defendent_dec822-1.pdf\">Cliquer ici pour acc\u00e9der au montage<\/a><\/p>\n\n\n\n<p>Attention : le chargement d\u00e9pend de la rapidit\u00e9 de votre connexion internet. Il y a 50 lignes dont certaines comportent plusieurs images.<\/p>\n","protected":false},"excerpt":{"rendered":"<p>Cliquer ici pour acc\u00e9der au montage Attention : le chargement d\u00e9pend de la rapidit\u00e9 de votre connexion internet. Il y a 50 lignes dont certaines comportent plusieurs images.<\/p>\n","protected":false},"author":1,"featured_media":0,"parent":0,"menu_order":0,"comment_status":"closed","ping_status":"closed","template":"","meta":{"footnotes":""},"class_list":["post-888","page","type-page","status-publish","hentry"],"_links":{"self":[{"href":"https:\/\/www.sdcv.org\/index.php?rest_route=\/wp\/v2\/pages\/888","targetHints":{"allow":["GET"]}}],"collection":[{"href":"https:\/\/www.sdcv.org\/index.php?rest_route=\/wp\/v2\/pages"}],"about":[{"href":"https:\/\/www.sdcv.org\/index.php?rest_route=\/wp\/v2\/types\/page"}],"author":[{"embeddable":true,"href":"https:\/\/www.sdcv.org\/index.php?rest_route=\/wp\/v2\/users\/1"}],"replies":[{"embeddable":true,"href":"https:\/\/www.sdcv.org\/index.php?rest_route=%2Fwp%2Fv2%2Fcomments&post=888"}],"version-history":[{"count":7,"href":"https:\/\/www.sdcv.org\/index.php?rest_route=\/wp\/v2\/pages\/888\/revisions"}],"predecessor-version":[{"id":911,"href":"https:\/\/www.sdcv.org\/index.php?rest_route=\/wp\/v2\/pages\/888\/revisions\/911"}],"wp:attachment":[{"href":"https:\/\/www.sdcv.org\/index.php?rest_route=%2Fwp%2Fv2%2Fmedia&parent=888"}],"curies":[{"name":"wp","href":"https:\/\/api.w.org\/{rel}","templated":true}]}}