{"id":822,"date":"2023-03-03T15:20:30","date_gmt":"2023-03-03T14:20:30","guid":{"rendered":"https:\/\/www.sdcv.org\/?page_id=822"},"modified":"2023-03-20T16:50:22","modified_gmt":"2023-03-20T15:50:22","slug":"__trashed","status":"publish","type":"page","link":"https:\/\/www.sdcv.org\/?page_id=822","title":{"rendered":"Conf\u00e9rence de Saint Vincent de Paul"},"content":{"rendered":"\n<p>Mme Bienfait a propos\u00e9 \u00e0 l&rsquo;assembl\u00e9e dominicale d&rsquo;accueillir \u00e0 nouveau la<br>conf\u00e9rence de St Vincent de Paul \u00e0 la Paroisse St D\u00e9fendent.<br>Si vous \u00eates int\u00e9ress\u00e9, vous pouvez contacter Mme Martine Bienfait au :<br>06 12  52 94 60. <\/p>\n\n\n\n<p><\/p>\n","protected":false},"excerpt":{"rendered":"<p>Mme Bienfait a propos\u00e9 \u00e0 l&rsquo;assembl\u00e9e dominicale d&rsquo;accueillir \u00e0 nouveau laconf\u00e9rence de St Vincent de Paul \u00e0 la Paroisse St D\u00e9fendent.Si vous \u00eates int\u00e9ress\u00e9, vous pouvez contacter Mme Martine Bienfait au :06 12 52 94 60.<\/p>\n","protected":false},"author":1,"featured_media":0,"parent":0,"menu_order":0,"comment_status":"closed","ping_status":"closed","template":"","meta":{"footnotes":""},"class_list":["post-822","page","type-page","status-publish","hentry"],"_links":{"self":[{"href":"https:\/\/www.sdcv.org\/index.php?rest_route=\/wp\/v2\/pages\/822","targetHints":{"allow":["GET"]}}],"collection":[{"href":"https:\/\/www.sdcv.org\/index.php?rest_route=\/wp\/v2\/pages"}],"about":[{"href":"https:\/\/www.sdcv.org\/index.php?rest_route=\/wp\/v2\/types\/page"}],"author":[{"embeddable":true,"href":"https:\/\/www.sdcv.org\/index.php?rest_route=\/wp\/v2\/users\/1"}],"replies":[{"embeddable":true,"href":"https:\/\/www.sdcv.org\/index.php?rest_route=%2Fwp%2Fv2%2Fcomments&post=822"}],"version-history":[{"count":3,"href":"https:\/\/www.sdcv.org\/index.php?rest_route=\/wp\/v2\/pages\/822\/revisions"}],"predecessor-version":[{"id":941,"href":"https:\/\/www.sdcv.org\/index.php?rest_route=\/wp\/v2\/pages\/822\/revisions\/941"}],"wp:attachment":[{"href":"https:\/\/www.sdcv.org\/index.php?rest_route=%2Fwp%2Fv2%2Fmedia&parent=822"}],"curies":[{"name":"wp","href":"https:\/\/api.w.org\/{rel}","templated":true}]}}