{"id":685,"date":"2021-12-18T15:02:32","date_gmt":"2021-12-18T14:02:32","guid":{"rendered":"https:\/\/www.sdcv.org\/?page_id=685"},"modified":"2021-12-18T16:37:15","modified_gmt":"2021-12-18T15:37:15","slug":"sonorisation-de-leglise","status":"publish","type":"page","link":"https:\/\/www.sdcv.org\/?page_id=685","title":{"rendered":"SONORISATION de l&rsquo;\u00e9glise"},"content":{"rendered":"\n<p>Ce projet fait appel aux dons par souscription \u00e0 l&rsquo;Association Dioc\u00e9saine Marseille (ADM)<\/p>\n\n\n\n<p><\/p>\n\n\n\n<p>LE PROJET<\/p>\n\n\n\n<p><strong>Phase 1<\/strong><br>&#8212;&#8212;&#8211;<\/p>\n\n\n\n<p>Budget : 4 257,00 Euros pour :<\/p>\n\n\n\n<ul class=\"wp-block-list\"><li>Micros<\/li><li>Table de mixage<\/li><li>bo\u00eetiers et c\u00e2blage<\/li><li>installation et r\u00e9glages<\/li><\/ul>\n\n\n\n<p>Avancement : <strong>r\u00e9alis\u00e9<\/strong><\/p>\n\n\n\n<p>Samedi 6\/11\/2021, somme r\u00e9unie : <strong>4 400<\/strong> <strong>Euros<\/strong><\/p>\n\n\n\n<p>Travaux effectu\u00e9s :<\/p>\n\n\n\n<ul class=\"wp-block-list\"><li>D\u00e8s le 3 novembre, commande des travaux 1\u00b0 phase et versement d&rsquo;un acompte.<\/li><li>1, 2 et 3 d\u00e9cembre 2021&nbsp;: travaux d&rsquo;INSTALLATION \u00ab&nbsp;Ecclesia Sound&nbsp;\u00bb<\/li><\/ul>\n\n\n\n<p><strong>Merci aux 37 premiers donateurs de cette 1\u00b0 phase.<\/strong><\/p>\n\n\n\n<p><strong>Phase 2<\/strong><br>&#8212;&#8212;&#8211;<\/p>\n\n\n\n<p>Budget : <u>6 090,00 Euros<\/u><\/p>\n\n\n\n<ul class=\"wp-block-list\"><li>Enceintes<\/li><li>Amplificateur<\/li><li>installation et r\u00e9glages<\/li><\/ul>\n\n\n\n<p>Situation au 11 d\u00e9cembre :<\/p>\n\n\n\n<ul class=\"wp-block-list\"><li>Dons re\u00e7us : <strong>2 823 Euros<\/strong><\/li><li>Reste \u00e0 trouver : <strong>3 267 Euros<\/strong><\/li><\/ul>\n\n\n\n<p><em><strong>Merci \u00e0 vous et bienvenue aux futurs nouveaux donateurs pour la phase 2<\/strong><\/em><\/p>\n\n\n\n<p><u><strong><span style=\"text-decoration: underline;\">Comment<\/span><\/strong>&nbsp;<\/u><strong>faire un don<\/strong> :<\/p>\n\n\n\n<ol class=\"wp-block-list\"><li>En argent,<strong> liquide<\/strong> \u00e0 la  paroisse <ul><li>(et si vous le souhaitez, demandez un re\u00e7u fiscal\u00a0; mentionnez votre nom adresse compl\u00e8te.)<\/li><\/ul><\/li><li>par ch\u00e8que \u00e0 : <ul><li><em>Association dioc\u00e9saine Marseille,<\/em><\/li><li><em>14, Place Colonel EDON<\/em><\/li><li><em>13284 Marseille CEDEX 07<\/em><\/li><li>E<em>n pr\u00e9cisant la mention\u00a0: <strong>pour la paroisse st D\u00e9fendent \u00ab\u00a0mise \u00e0 niveau sonorisation\u00a0\u00bb<\/strong><\/em><\/li><li><em>Et, si vous le souhaitez, demander un re\u00e7u fiscal\u00a0; mentionnez votre nom adresse compl\u00e8te.<\/em> <br><em>Prenez une enveloppe association dioc\u00e9saine \u00e0 l&rsquo;entr\u00e9e ou au fond de l&rsquo;\u00e9glise.<\/em><\/li><\/ul><\/li><\/ol>\n\n\n\n<p>MERCI, Fraternellement,<\/p>\n\n\n\n<p>Xavier Maurin<\/p>\n\n\n\n<p>Paroisse st D\u00e9fendent 240 av de TOULON 13010 Marseille <br>Cur\u00e9&nbsp;: Xavier MAURIN t\u00e9l&nbsp;: 07 66 00 62 87<\/p>\n","protected":false},"excerpt":{"rendered":"<p>Ce projet fait appel aux dons par souscription \u00e0 l&rsquo;Association Dioc\u00e9saine Marseille (ADM) LE PROJET Phase 1&#8212;&#8212;&#8211; Budget : 4 257,00 Euros pour : Micros Table de mixage bo\u00eetiers et c\u00e2blage installation et r\u00e9glages Avancement : r\u00e9alis\u00e9 Samedi 6\/11\/2021, somme r\u00e9unie : 4 400 Euros Travaux effectu\u00e9s : D\u00e8s le 3 novembre, commande des travaux [&hellip;]<\/p>\n","protected":false},"author":1,"featured_media":0,"parent":0,"menu_order":0,"comment_status":"closed","ping_status":"closed","template":"","meta":{"footnotes":""},"class_list":["post-685","page","type-page","status-publish","hentry"],"_links":{"self":[{"href":"https:\/\/www.sdcv.org\/index.php?rest_route=\/wp\/v2\/pages\/685","targetHints":{"allow":["GET"]}}],"collection":[{"href":"https:\/\/www.sdcv.org\/index.php?rest_route=\/wp\/v2\/pages"}],"about":[{"href":"https:\/\/www.sdcv.org\/index.php?rest_route=\/wp\/v2\/types\/page"}],"author":[{"embeddable":true,"href":"https:\/\/www.sdcv.org\/index.php?rest_route=\/wp\/v2\/users\/1"}],"replies":[{"embeddable":true,"href":"https:\/\/www.sdcv.org\/index.php?rest_route=%2Fwp%2Fv2%2Fcomments&post=685"}],"version-history":[{"count":12,"href":"https:\/\/www.sdcv.org\/index.php?rest_route=\/wp\/v2\/pages\/685\/revisions"}],"predecessor-version":[{"id":714,"href":"https:\/\/www.sdcv.org\/index.php?rest_route=\/wp\/v2\/pages\/685\/revisions\/714"}],"wp:attachment":[{"href":"https:\/\/www.sdcv.org\/index.php?rest_route=%2Fwp%2Fv2%2Fmedia&parent=685"}],"curies":[{"name":"wp","href":"https:\/\/api.w.org\/{rel}","templated":true}]}}