{"id":351,"date":"2015-05-24T21:05:12","date_gmt":"2015-05-24T21:05:12","guid":{"rendered":"http:\/\/www.sdcv.org\/?page_id=351"},"modified":"2015-05-24T21:12:05","modified_gmt":"2015-05-24T21:12:05","slug":"dimanche-31-mai-2015-la-sainte-trinite","status":"publish","type":"page","link":"https:\/\/www.sdcv.org\/?page_id=351","title":{"rendered":"Dimanche 31 mai &#8211; La Sainte Trinit\u00e9 &#8211; F\u00eate des m\u00e8res"},"content":{"rendered":"<p><a href=\"http:\/\/www.sdcv.org\/wp-content\/uploads\/2015\/05\/sdcv-150524-30-mai.jpg\"><img loading=\"lazy\" decoding=\"async\" class=\"  wp-image-352 aligncenter\" src=\"http:\/\/www.sdcv.org\/wp-content\/uploads\/2015\/05\/sdcv-150524-30-mai-1024x508.jpg\" alt=\"sdcv-150524-30-mai\" width=\"811\" height=\"386\" \/><\/a><\/p>\n","protected":false},"excerpt":{"rendered":"","protected":false},"author":1,"featured_media":0,"parent":0,"menu_order":0,"comment_status":"open","ping_status":"open","template":"","meta":{"footnotes":""},"class_list":["post-351","page","type-page","status-publish","hentry"],"_links":{"self":[{"href":"https:\/\/www.sdcv.org\/index.php?rest_route=\/wp\/v2\/pages\/351","targetHints":{"allow":["GET"]}}],"collection":[{"href":"https:\/\/www.sdcv.org\/index.php?rest_route=\/wp\/v2\/pages"}],"about":[{"href":"https:\/\/www.sdcv.org\/index.php?rest_route=\/wp\/v2\/types\/page"}],"author":[{"embeddable":true,"href":"https:\/\/www.sdcv.org\/index.php?rest_route=\/wp\/v2\/users\/1"}],"replies":[{"embeddable":true,"href":"https:\/\/www.sdcv.org\/index.php?rest_route=%2Fwp%2Fv2%2Fcomments&post=351"}],"version-history":[{"count":4,"href":"https:\/\/www.sdcv.org\/index.php?rest_route=\/wp\/v2\/pages\/351\/revisions"}],"predecessor-version":[{"id":357,"href":"https:\/\/www.sdcv.org\/index.php?rest_route=\/wp\/v2\/pages\/351\/revisions\/357"}],"wp:attachment":[{"href":"https:\/\/www.sdcv.org\/index.php?rest_route=%2Fwp%2Fv2%2Fmedia&parent=351"}],"curies":[{"name":"wp","href":"https:\/\/api.w.org\/{rel}","templated":true}]}}