{"id":32,"date":"2015-02-14T18:05:27","date_gmt":"2015-02-14T18:05:27","guid":{"rendered":"http:\/\/www.sdcv.org\/?page_id=32"},"modified":"2023-11-29T16:18:31","modified_gmt":"2023-11-29T15:18:31","slug":"plan-dacces","status":"publish","type":"page","link":"https:\/\/www.sdcv.org\/?page_id=32","title":{"rendered":"Plan d&rsquo;acc\u00e8s"},"content":{"rendered":"<p style=\"text-align: center;\"><a href=\"http:\/\/www.sdcv.org\/wp-content\/uploads\/2015\/02\/saint-defendent-cadastre1.png\"><img loading=\"lazy\" decoding=\"async\" class=\"alignnone  wp-image-278\" src=\"http:\/\/www.sdcv.org\/wp-content\/uploads\/2015\/02\/saint-defendent-cadastre1.png\" alt=\"saint-defendent-cadastre\" width=\"528\" height=\"306\" srcset=\"https:\/\/www.sdcv.org\/wp-content\/uploads\/2015\/02\/saint-defendent-cadastre1.png 708w, https:\/\/www.sdcv.org\/wp-content\/uploads\/2015\/02\/saint-defendent-cadastre1-300x174.png 300w\" sizes=\"auto, (max-width: 528px) 100vw, 528px\" \/><\/a><\/p>\n<p style=\"text-align: left;\"><strong>Adresse<\/strong>\u00a0: 240, avenue de Toulon <br class=\"autobr\" \/> 13010 Marseille <br class=\"autobr\" \/> L\u2019entr\u00e9e principale se trouve au 45 BD GILLY. <br class=\"autobr\" \/> Le portail du 240 av. de Toulon est ferm\u00e9 10 minutes avant les messes, pour des raisons de s\u00e9curit\u00e9.<\/p>\n","protected":false},"excerpt":{"rendered":"<p>Adresse\u00a0: 240, avenue de Toulon 13010 Marseille L\u2019entr\u00e9e principale se trouve au 45 BD GILLY. Le portail du 240 av. de Toulon est ferm\u00e9 10 minutes avant les messes, pour des raisons de s\u00e9curit\u00e9.<\/p>\n","protected":false},"author":1,"featured_media":0,"parent":0,"menu_order":0,"comment_status":"closed","ping_status":"open","template":"","meta":{"footnotes":""},"class_list":["post-32","page","type-page","status-publish","hentry"],"_links":{"self":[{"href":"https:\/\/www.sdcv.org\/index.php?rest_route=\/wp\/v2\/pages\/32","targetHints":{"allow":["GET"]}}],"collection":[{"href":"https:\/\/www.sdcv.org\/index.php?rest_route=\/wp\/v2\/pages"}],"about":[{"href":"https:\/\/www.sdcv.org\/index.php?rest_route=\/wp\/v2\/types\/page"}],"author":[{"embeddable":true,"href":"https:\/\/www.sdcv.org\/index.php?rest_route=\/wp\/v2\/users\/1"}],"replies":[{"embeddable":true,"href":"https:\/\/www.sdcv.org\/index.php?rest_route=%2Fwp%2Fv2%2Fcomments&post=32"}],"version-history":[{"count":3,"href":"https:\/\/www.sdcv.org\/index.php?rest_route=\/wp\/v2\/pages\/32\/revisions"}],"predecessor-version":[{"id":279,"href":"https:\/\/www.sdcv.org\/index.php?rest_route=\/wp\/v2\/pages\/32\/revisions\/279"}],"wp:attachment":[{"href":"https:\/\/www.sdcv.org\/index.php?rest_route=%2Fwp%2Fv2%2Fmedia&parent=32"}],"curies":[{"name":"wp","href":"https:\/\/api.w.org\/{rel}","templated":true}]}}