{"id":30,"date":"2015-02-14T18:04:45","date_gmt":"2015-02-14T18:04:45","guid":{"rendered":"http:\/\/www.sdcv.org\/?page_id=30"},"modified":"2023-11-29T16:19:37","modified_gmt":"2023-11-29T15:19:37","slug":"paroisse-saint-defendent","status":"publish","type":"page","link":"https:\/\/www.sdcv.org\/?page_id=30","title":{"rendered":"Paroisse Saint Defendent"},"content":{"rendered":"<p><strong><span style=\"color: #99cc00;\">LA PAROISSE<\/span><\/strong><\/p>\n<ul>\n<li><strong>Adresse<\/strong>\u00a0: 240, avenue de Toulon <br class=\"autobr\" \/>13010 Marseille<br \/>\n(L\u2019entr\u00e9e principale se trouve au 45 BD GILLY. Le portail du 240 av. de Toulon est ferm\u00e9 10 minutes avant les messes, pour des raisons de s\u00e9curit\u00e9.)<\/li>\n<li><strong>T\u00e9l.<\/strong> : 04 91 60 06 03<\/li>\n<li>E-mail :<\/li>\n<li><strong>Site internet <\/strong>\u00a0: https:\/\/www.sdcv.org<\/li>\n<li><strong>Accueil<\/strong> : mardi de 10h \u00e0 11h30<br \/>\nOuverture de l\u2019\u00e9glise \u00a0: mardi de 10h \u00e0 11h30<\/li>\n<\/ul>\n<p><strong><span style=\"color: #99cc00;\">COMMUNAUT\u00c9 CATHOLIQUE VIETNAMIENNE<\/span><\/strong><\/p>\n<ul>\n<li><strong>Messe mensuelle<\/strong> : dates \u00e0 venir<\/li>\n<\/ul>\n","protected":false},"excerpt":{"rendered":"<p>LA PAROISSE Adresse\u00a0: 240, avenue de Toulon 13010 Marseille (L\u2019entr\u00e9e principale se trouve au 45 BD GILLY. Le portail du 240 av. de Toulon est ferm\u00e9 10 minutes avant les messes, pour des raisons de s\u00e9curit\u00e9.) T\u00e9l. : 04 91 60 06 03 E-mail : Site internet \u00a0: https:\/\/www.sdcv.org Accueil : mardi de 10h \u00e0 [&hellip;]<\/p>\n","protected":false},"author":1,"featured_media":0,"parent":0,"menu_order":0,"comment_status":"closed","ping_status":"open","template":"","meta":{"footnotes":""},"class_list":["post-30","page","type-page","status-publish","hentry"],"_links":{"self":[{"href":"https:\/\/www.sdcv.org\/index.php?rest_route=\/wp\/v2\/pages\/30","targetHints":{"allow":["GET"]}}],"collection":[{"href":"https:\/\/www.sdcv.org\/index.php?rest_route=\/wp\/v2\/pages"}],"about":[{"href":"https:\/\/www.sdcv.org\/index.php?rest_route=\/wp\/v2\/types\/page"}],"author":[{"embeddable":true,"href":"https:\/\/www.sdcv.org\/index.php?rest_route=\/wp\/v2\/users\/1"}],"replies":[{"embeddable":true,"href":"https:\/\/www.sdcv.org\/index.php?rest_route=%2Fwp%2Fv2%2Fcomments&post=30"}],"version-history":[{"count":4,"href":"https:\/\/www.sdcv.org\/index.php?rest_route=\/wp\/v2\/pages\/30\/revisions"}],"predecessor-version":[{"id":630,"href":"https:\/\/www.sdcv.org\/index.php?rest_route=\/wp\/v2\/pages\/30\/revisions\/630"}],"wp:attachment":[{"href":"https:\/\/www.sdcv.org\/index.php?rest_route=%2Fwp%2Fv2%2Fmedia&parent=30"}],"curies":[{"name":"wp","href":"https:\/\/api.w.org\/{rel}","templated":true}]}}