{"id":2003,"date":"2025-12-03T11:43:09","date_gmt":"2025-12-03T10:43:09","guid":{"rendered":"https:\/\/www.sdcv.org\/?page_id=2003"},"modified":"2025-12-03T12:07:56","modified_gmt":"2025-12-03T11:07:56","slug":"priere-pour-la-paix-novembre-2025","status":"publish","type":"page","link":"https:\/\/www.sdcv.org\/?page_id=2003","title":{"rendered":"Pri\u00e8re pour la paix, novembre 2025"},"content":{"rendered":"\n<p><\/p>\n\n\n\n<p><strong>Jean 20,19-23<\/strong><\/p>\n\n\n\n<p>19 &#8211; Le soir venu, en ce premier jour de la semaine, alors que les portes du lieu o\u00f9 se<br>trouvaient les disciples \u00e9taient verrouill\u00e9es par crainte des Juifs, J\u00e9sus vint, et il \u00e9tait l\u00e0 au<br>milieu d\u2019eux. Il leur dit : \u00ab La paix soit avec vous ! \u00bb<br>20 &#8211; Apr\u00e8s cette parole, il leur montra ses mains et son c\u00f4t\u00e9. Les disciples furent remplis de<br>joie en voyant le Seigneur.<\/p>\n\n\n\n<p>21 &#8211; J\u00e9sus leur dit de nouveau : \u00ab La paix soit avec vous ! De m\u00eame que le P\u00e8re m\u2019a envoy\u00e9,<br>moi aussi, je vous envoie. \u00bb<\/p>\n\n\n\n<p>22 &#8211; Ayant ainsi parl\u00e9, il souffla sur eux et il leur dit : \u00ab Recevez l\u2019Esprit Saint.<\/p>\n\n\n\n<p>23 &#8211; \u00c0 qui vous remettrez ses p\u00e9ch\u00e9s, ils seront remis ; \u00e0 qui vous maintiendrez ses p\u00e9ch\u00e9s,<br>ils seront maintenus. \u00bb<\/p>\n\n\n\n<p><strong>Chant<\/strong><br>Comme un souffle fragile<br>Auteur : Pierre Jacob Compositeur : Ga\u00ebtan de Courr\u00e8ges<\/p>\n\n\n\n<p>Comme un souffle fragile, ta parole se donne.<br>Comme un vase d&rsquo;argile, ton amour nous fa\u00e7onne.<\/p>\n\n\n\n<ol class=\"wp-block-list\">\n<li>Ta parole est murmure, comme un secret d&rsquo;amour<br>Ta parole est blessure qui nous ouvre le jour.<\/li>\n\n\n\n<li>Ta parole est naissance, comme on sort de prison<br>Ta parole est semence, qui promet la moisson.<\/li>\n\n\n\n<li>Ta parole est partage, comme on coupe du pain<br>Ta parole est passage, qui nous dit un chemin.<\/li>\n<\/ol>\n\n\n\n<p>Laissons-nous inspirer par un grand t\u00e9moin qui a \u0153uvr\u00e9 pour la paix.<\/p>\n\n\n\n<p><strong>Jean-Paul II, pape de 1978 \u00e0 2005.<\/strong><\/p>\n\n\n\n<ul class=\"wp-block-list\">\n<li>\u00ab\u00a0N\u2019ayez pas peur ! Ouvrez, ouvrez toutes grandes les portes au Christ ! \u00c0 sa puissance<br>salvatrice, ouvrez les fronti\u00e8res des \u00c9tats, les syst\u00e8mes \u00e9conomiques et politiques, les<br>immenses domaines de la culture, de la civilisation, du d\u00e9veloppement. N\u2019ayez pas peur !\u00a0\u00bb<br>La peur engendre les divisions et la violence, alors que la foi et la confiance ouvrent \u00e0 la<br>paix.<\/li>\n\n\n\n<li>\u00ab\u00a0En r\u00e9alit\u00e9, le pardon est avant tout un choix personnel, une option du c\u0153ur qui va contre<br>l&rsquo;instinct spontan\u00e9 de rendre le mal pour le mal. Cette option trouve son \u00e9l\u00e9ment de<br>comparaison dans l&rsquo;amour de Dieu, qui nous accueille malgr\u00e9 nos p\u00e9ch\u00e9s, et son mod\u00e8le<br>supr\u00eame est le pardon du Christ qui a pri\u00e9 ainsi sur la Croix: \u00ab P\u00e8re, pardonne-leur: ils ne<br>savent pas ce qu&rsquo;ils font \u00bb (Lc 23, 34).\u00a0\u00bb<br>Il n&rsquo;y a pas de paix sans pardon.<br>En 1981, apr\u00e8s avoir \u00e9t\u00e9 bless\u00e9 par balle, Jean-Paul II est all\u00e9 rencontrer et pardonner \u00e0<br>son agresseur dans sa cellule. Cet acte concret de mis\u00e9ricorde et de r\u00e9conciliation est tr\u00e8s<br>marquant, car la paix commence dans le c\u0153ur de chacun.<\/li>\n\n\n\n<li>\u00ab\u00a0Prier pour la paix veut dire ouvrir le c\u0153ur humain \u00e0 l&rsquo;irruption de la puissance r\u00e9novatrice de Dieu. <\/li>\n\n\n\n<li>Par la force vivifiante de sa gr\u00e2ce, Dieu peut cr\u00e9er des ouvertures vers la paix l\u00e0 o\u00f9 il semble qu&rsquo;il n&rsquo;y ait qu&rsquo;obstacles et repli sur soi ; il peut consolider et \u00e9largir la solidarit\u00e9 entre les membres de la famille humaine, malgr\u00e9 les longs \u00e9pisodes de divisions et de luttes.\u00a0\u00bb<\/li>\n<\/ul>\n\n\n\n<p><strong>Appel pour la paix<\/strong><br>D&rsquo;apr\u00e8s le texte de la Rencontre internationale pour la paix de Sant&rsquo;Egidio \u00e0 Rome, octobre<br>2025<\/p>\n\n\n\n<p>Comme l&rsquo;a \u00e9crit le pape Fran\u00e7ois dans Fratelli Tutti (Tous fr\u00e8res) :<br>\u00ab toute guerre laisse le monde pire que dans l\u2019\u00e9tat o\u00f9 elle l\u2019a trouv\u00e9. La guerre est<br>toujours un \u00e9chec de la politique et de l&rsquo;humanit\u00e9, une capitulation honteuse, une d\u00e9route<br>devant les forces du mal \u00bb.<br>Le temps est venu d&rsquo;oser ouvrir des voies de paix. Il n&rsquo;y a plus \u00e0 attendre devant les<br>millions d&rsquo;enfants, de personnes \u00e2g\u00e9es, de femmes, d&rsquo;hommes qui subissent les<br>cons\u00e9quences de la guerre.<\/p>\n\n\n\n<p>Prions pour la paix en Ha\u00efti, \u00e0 Gaza, au Liban, au Soudan, en Syrie, en Ukraine, au<br>Yemen\u2026<br>Seigneur, fais de nous des ouvriers de paix<\/p>\n\n\n\n<p>La pratique de la force pi\u00e9tine le droit international.<br>La pratique de la force d\u00e9cha\u00eene la violence et l&rsquo;agressivit\u00e9, elle justifie les conflits entre les<br>peuples et provoque le d\u00e9paysement et la peur dans la soci\u00e9t\u00e9.<br>Les guerres donnent l&rsquo;illusion que le meilleur avenir est contre l&rsquo;autre et sans l&rsquo;autre.<br>Les religions, elles, savent qu&rsquo;il n&rsquo;y a jamais de futur sans l&rsquo;autre.<\/p>\n\n\n\n<p>Prions pour que grandisse en chacun de nous le germe de ta paix, de ta mis\u00e9ricorde et de<br>ton amour.<br>Seigneur, fais de nous des ouvriers de paix<\/p>\n\n\n\n<p>Dans le monde il y a une immense soif de paix, d\u00e9sarm\u00e9e et d\u00e9sarmante. La paix est la<br>question non \u00e9cout\u00e9e de peuples entiers, des r\u00e9fugi\u00e9s, des enfants, des femmes.<br>Il n&rsquo;y a pas d&rsquo;avenir si la guerre remplace la diplomatie et le dialogue dans la solution des<br>conflits.<br>B\u00e2tissons des ponts et non pas des murs.<\/p>\n\n\n\n<p>Prions pour les dirigeants de notre monde pour qu&rsquo;ils le conduisent vers la paix et la<br>justice.<br>Seigneur, fais de nous des ouvriers de paix<\/p>\n\n\n\n<p>Les g\u00e9n\u00e9rations futures remercieront ceux qui ont eu le courage d&rsquo;oser la paix.<br>Abandonnons le temps de la force et empruntons le chemin du dialogue et de la<br>n\u00e9gociation, le seul qui peut donner la paix et la s\u00e9curit\u00e9.<br>Les religions offrent ce qu&rsquo;elles ont re\u00e7u de Dieu : l&rsquo;amour, la sagesse, la valeur de la vie,<br>le pardon. Elles sont fermement conscientes que les peuples forment une communaut\u00e9<br>unique et ont un destin commun. Dans la foi, elles adressent leur pri\u00e8re afin que toute<br>haine s&rsquo;\u00e9teigne et que chaque c\u0153ur accabl\u00e9 soit consol\u00e9.<\/p>\n\n\n\n<p>Aucune guerre n&rsquo;est sainte, seule la paix est sainte !<br>Que Dieu donne au monde le don le plus pr\u00e9cieux qu\u2019est la paix.<\/p>\n\n\n\n<p>Notre P\u00e8re<\/p>\n","protected":false},"excerpt":{"rendered":"<p>Jean 20,19-23 19 &#8211; Le soir venu, en ce premier jour de la semaine, alors que les portes du lieu o\u00f9 setrouvaient les disciples \u00e9taient verrouill\u00e9es par crainte des Juifs, J\u00e9sus vint, et il \u00e9tait l\u00e0 aumilieu d\u2019eux. Il leur dit : \u00ab La paix soit avec vous ! \u00bb20 &#8211; Apr\u00e8s cette parole, il [&hellip;]<\/p>\n","protected":false},"author":1,"featured_media":0,"parent":0,"menu_order":0,"comment_status":"closed","ping_status":"closed","template":"","meta":{"footnotes":""},"class_list":["post-2003","page","type-page","status-publish","hentry"],"_links":{"self":[{"href":"https:\/\/www.sdcv.org\/index.php?rest_route=\/wp\/v2\/pages\/2003","targetHints":{"allow":["GET"]}}],"collection":[{"href":"https:\/\/www.sdcv.org\/index.php?rest_route=\/wp\/v2\/pages"}],"about":[{"href":"https:\/\/www.sdcv.org\/index.php?rest_route=\/wp\/v2\/types\/page"}],"author":[{"embeddable":true,"href":"https:\/\/www.sdcv.org\/index.php?rest_route=\/wp\/v2\/users\/1"}],"replies":[{"embeddable":true,"href":"https:\/\/www.sdcv.org\/index.php?rest_route=%2Fwp%2Fv2%2Fcomments&post=2003"}],"version-history":[{"count":3,"href":"https:\/\/www.sdcv.org\/index.php?rest_route=\/wp\/v2\/pages\/2003\/revisions"}],"predecessor-version":[{"id":2011,"href":"https:\/\/www.sdcv.org\/index.php?rest_route=\/wp\/v2\/pages\/2003\/revisions\/2011"}],"wp:attachment":[{"href":"https:\/\/www.sdcv.org\/index.php?rest_route=%2Fwp%2Fv2%2Fmedia&parent=2003"}],"curies":[{"name":"wp","href":"https:\/\/api.w.org\/{rel}","templated":true}]}}