{"id":2001,"date":"2025-12-03T11:37:18","date_gmt":"2025-12-03T10:37:18","guid":{"rendered":"https:\/\/www.sdcv.org\/?page_id=2001"},"modified":"2025-12-03T12:10:11","modified_gmt":"2025-12-03T11:10:11","slug":"priere-pour-la-paix-octobre-2025","status":"publish","type":"page","link":"https:\/\/www.sdcv.org\/?page_id=2001","title":{"rendered":"Pri\u00e8re pour la paix, octobre 2025"},"content":{"rendered":"\n<p>Pri\u00e8re<\/p>\n\n\n\n<p><strong>Lettre de saint Paul Ap\u00f4tre aux Philippiens 4, 4-9<\/strong><\/p>\n\n\n\n<p>04 Soyez toujours dans la joie du Seigneur ; je le redis : soyez dans la joie.<br>05 Que votre bienveillance soit connue de tous les hommes. Le Seigneur est<br>proche.<br>06 Ne soyez inquiets de rien, mais, en toute circonstance, priez et suppliez,<br>tout en rendant gr\u00e2ce, pour faire conna\u00eetre \u00e0 Dieu vos demandes.<br>07 Et la paix de Dieu, qui d\u00e9passe tout ce qu\u2019on peut concevoir, gardera vos<br>c\u0153urs et vos pens\u00e9es dans le Christ J\u00e9sus.<br>08 Enfin, mes fr\u00e8res, tout ce qui est vrai et noble, tout ce qui est juste et pur,<br>tout ce qui est digne d\u2019\u00eatre aim\u00e9 et honor\u00e9, tout ce qui s\u2019appelle vertu et qui<br>m\u00e9rite des \u00e9loges, tout cela, prenez-le en compte.<br>09 Ce que vous avez appris et re\u00e7u, ce que vous avez vu et entendu de moi,<br>mettez-le en pratique. Et le Dieu de la paix sera avec vous.<\/p>\n\n\n\n<p>Laissons-nous inspirer par un grand t\u00e9moin qui a \u0153uvr\u00e9 pour la paix.<\/p>\n\n\n\n<p><strong>Paroles de m\u00e8re Th\u00e9r\u00e9sa sur la paix<\/strong><\/p>\n\n\n\n<p>La paix commence en nous-m\u00eames :<br>\u00ab\u00a0La paix et la guerre commencent \u00e0 la maison. Si nous voulons que la paix<br>r\u00e8gne dans le monde, commen\u00e7ons par aimer notre famille.\u00a0\u00bb<\/p>\n\n\n\n<p>La paix vient de l&rsquo;amour :<br>\u00ab\u00a0La paix commence par un sourire.\u00a0\u00bb<\/p>\n\n\n\n<p>La paix est li\u00e9e \u00e0 la pri\u00e8re :<br>\u00ab\u00a0La paix donne un c\u0153ur pur, et un c\u0153ur pur peut voir Dieu. Si nous voyons<br>Dieu en chacun de nos fr\u00e8res, nous commencerons \u00e0 aimer, et si nous aimons,<br>nous aurons la paix.\u00a0\u00bb<\/p>\n\n\n\n<p>La paix se construit par de petites choses :<br>\u00ab\u00a0Ne laissez jamais une personne venir \u00e0 vous sans repartir meilleure et plus<br>heureuse. Soyez l&rsquo;expression vivante de la bont\u00e9 de Dieu : bont\u00e9 dans votre<br>visage, bont\u00e9 dans vos yeux, bont\u00e9 dans votre sourire.\u00a0\u00bb<\/p>\n\n\n\n<p>Pour m\u00e8re Th\u00e9r\u00e9sa, la paix ne se gagne pas seulement par de grandes actions<br>politiques, mais surtout dans les petits gestes d&rsquo;amour quotidiens et dans<br>l&rsquo;accueil de l&rsquo;autre.<\/p>\n\n\n\n<p>Et pour nous, comment vivons-nous la paix dans notre quotidien ?<br>(ou : comment ces citations r\u00e9sonnent dans mon quotidien?)<\/p>\n\n\n\n<p>Apr\u00e8s chaque t\u00e9moignage, reprendre en ch\u0153ur :<\/p>\n\n\n\n<p>Donne la paix \u00e0 nos c\u0153urs, Seigneur !<\/p>\n\n\n\n<p><strong>Trouver dans ma vie ta pr\u00e9sence<\/strong><br>Auteur-compositeur : Jean-Claude Gianadda<br>Editeur : Studio SM<\/p>\n\n\n\n<p>Trouver dans ma vie ta pr\u00e9sence,<br>Tenir une lampe allum\u00e9e,<br>Choisir d\u2019habiter la confiance,<br>Aimer et se savoir aim\u00e9.<\/p>\n\n\n\n<ol class=\"wp-block-list\">\n<li>Croiser ton regard dans le doute,<br>Br\u00fbler \u00e0 l\u2019\u00e9cho de ta voix,<br>Rester pour le pain de la route,<br>Savoir reconna\u00eetre ton pas.<\/li>\n\n\n\n<li>Br\u00fbler quand le feu devient cendre,<br>Partir vers celui qui attend,<br>Choisir de donner sans reprendre,<br>F\u00eater le retour d\u2019un enfant.<\/li>\n\n\n\n<li>Ouvrir quand tu frappes \u00e0 ma porte,<br>Briser les verrous de la peur,<br>Savoir tout ce que tu m\u2019apportes,<br>Rester et devenir veilleur.<\/li>\n<\/ol>\n\n\n\n<p><strong>Pri\u00e8re de Saint Fran\u00e7ois d&rsquo;Assise<\/strong><\/p>\n\n\n\n<p>Seigneur, fais de moi un instrument de ta paix,<br>L\u00e0 o\u00f9 est la haine, que je mette l\u2019amour.<br>L\u00e0 o\u00f9 est l\u2019offense, que je mette le pardon.<br>L\u00e0 o\u00f9 est la discorde, que je mette l\u2019union.<br>L\u00e0 o\u00f9 est l\u2019erreur, que je mette la v\u00e9rit\u00e9.<br>L\u00e0 o\u00f9 est le doute, que je mette la foi.<br>L\u00e0 o\u00f9 est le d\u00e9sespoir, que je mette l&rsquo;esp\u00e9rance.<br>L\u00e0 o\u00f9 sont les t\u00e9n\u00e8bres, que je mette la lumi\u00e8re.<br>L\u00e0 o\u00f9 est la tristesse, que je mette la joie.<br>O Seigneur, que je ne cherche pas tant \u00e0<br>\u00eatre consol\u00e9 qu\u2019\u00e0 consoler,<br>\u00e0 \u00eatre compris qu\u2019\u00e0 comprendre,<br>\u00e0 \u00eatre aim\u00e9 qu\u2019\u00e0 aimer.<\/p>\n\n\n\n<p>Car c\u2019est en se donnant qu\u2019on re\u00e7oit,<br>C\u2019est en s\u2019oubliant qu\u2019on se retrouve,<br>C&rsquo;est en pardonnant qu\u2019on est pardonn\u00e9,<br>C&rsquo;est en mourant qu\u2019on ressuscite \u00e0 l\u2019\u00e9ternelle vie.<\/p>\n\n\n\n<p>Notre P\u00e8re<\/p>\n","protected":false},"excerpt":{"rendered":"<p>Pri\u00e8re Lettre de saint Paul Ap\u00f4tre aux Philippiens 4, 4-9 04 Soyez toujours dans la joie du Seigneur ; je le redis : soyez dans la joie.05 Que votre bienveillance soit connue de tous les hommes. Le Seigneur estproche.06 Ne soyez inquiets de rien, mais, en toute circonstance, priez et suppliez,tout en rendant gr\u00e2ce, pour [&hellip;]<\/p>\n","protected":false},"author":1,"featured_media":0,"parent":0,"menu_order":0,"comment_status":"closed","ping_status":"closed","template":"","meta":{"footnotes":""},"class_list":["post-2001","page","type-page","status-publish","hentry"],"_links":{"self":[{"href":"https:\/\/www.sdcv.org\/index.php?rest_route=\/wp\/v2\/pages\/2001","targetHints":{"allow":["GET"]}}],"collection":[{"href":"https:\/\/www.sdcv.org\/index.php?rest_route=\/wp\/v2\/pages"}],"about":[{"href":"https:\/\/www.sdcv.org\/index.php?rest_route=\/wp\/v2\/types\/page"}],"author":[{"embeddable":true,"href":"https:\/\/www.sdcv.org\/index.php?rest_route=\/wp\/v2\/users\/1"}],"replies":[{"embeddable":true,"href":"https:\/\/www.sdcv.org\/index.php?rest_route=%2Fwp%2Fv2%2Fcomments&post=2001"}],"version-history":[{"count":2,"href":"https:\/\/www.sdcv.org\/index.php?rest_route=\/wp\/v2\/pages\/2001\/revisions"}],"predecessor-version":[{"id":2013,"href":"https:\/\/www.sdcv.org\/index.php?rest_route=\/wp\/v2\/pages\/2001\/revisions\/2013"}],"wp:attachment":[{"href":"https:\/\/www.sdcv.org\/index.php?rest_route=%2Fwp%2Fv2%2Fmedia&parent=2001"}],"curies":[{"name":"wp","href":"https:\/\/api.w.org\/{rel}","templated":true}]}}