{"id":1961,"date":"2025-11-24T16:30:16","date_gmt":"2025-11-24T15:30:16","guid":{"rendered":"https:\/\/www.sdcv.org\/?page_id=1961"},"modified":"2025-11-24T16:36:31","modified_gmt":"2025-11-24T15:36:31","slug":"message-de-mgr-aveline","status":"publish","type":"page","link":"https:\/\/www.sdcv.org\/?page_id=1961","title":{"rendered":"Message de Mgr Aveline"},"content":{"rendered":"\n<p class=\"has-medium-font-size\">Monseigneur Aveline nous envoie un message depuis le site internet du dioc\u00e8se de Marseille que vous trouvez \u00e0 cette adresse : <a href=\"https:\/\/diocese-marseille.fr\/nous-sommes-un-peuple-qui-sait-se-tenir-debout\/\">https:\/\/diocese-marseille.fr\/nous-sommes-un-peuple-qui-sait-se-tenir-debout\/<\/a><\/p>\n\n\n\n<p class=\"has-medium-font-size\">Nous nous r\u00e9jouissons du renouveau du site internet de notre dioc\u00e8se, tr\u00e8s informatif, inspirant et clairement accessible<\/p>\n\n\n\n<p><\/p>\n","protected":false},"excerpt":{"rendered":"<p>Monseigneur Aveline nous envoie un message depuis le site internet du dioc\u00e8se de Marseille que vous trouvez \u00e0 cette adresse : https:\/\/diocese-marseille.fr\/nous-sommes-un-peuple-qui-sait-se-tenir-debout\/ Nous nous r\u00e9jouissons du renouveau du site internet de notre dioc\u00e8se, tr\u00e8s informatif, inspirant et clairement accessible<\/p>\n","protected":false},"author":1,"featured_media":0,"parent":0,"menu_order":0,"comment_status":"closed","ping_status":"closed","template":"","meta":{"footnotes":""},"class_list":["post-1961","page","type-page","status-publish","hentry"],"_links":{"self":[{"href":"https:\/\/www.sdcv.org\/index.php?rest_route=\/wp\/v2\/pages\/1961","targetHints":{"allow":["GET"]}}],"collection":[{"href":"https:\/\/www.sdcv.org\/index.php?rest_route=\/wp\/v2\/pages"}],"about":[{"href":"https:\/\/www.sdcv.org\/index.php?rest_route=\/wp\/v2\/types\/page"}],"author":[{"embeddable":true,"href":"https:\/\/www.sdcv.org\/index.php?rest_route=\/wp\/v2\/users\/1"}],"replies":[{"embeddable":true,"href":"https:\/\/www.sdcv.org\/index.php?rest_route=%2Fwp%2Fv2%2Fcomments&post=1961"}],"version-history":[{"count":2,"href":"https:\/\/www.sdcv.org\/index.php?rest_route=\/wp\/v2\/pages\/1961\/revisions"}],"predecessor-version":[{"id":1964,"href":"https:\/\/www.sdcv.org\/index.php?rest_route=\/wp\/v2\/pages\/1961\/revisions\/1964"}],"wp:attachment":[{"href":"https:\/\/www.sdcv.org\/index.php?rest_route=%2Fwp%2Fv2%2Fmedia&parent=1961"}],"curies":[{"name":"wp","href":"https:\/\/api.w.org\/{rel}","templated":true}]}}