{"id":1931,"date":"2025-11-17T17:30:16","date_gmt":"2025-11-17T16:30:16","guid":{"rendered":"https:\/\/www.sdcv.org\/?page_id=1931"},"modified":"2025-11-17T18:06:47","modified_gmt":"2025-11-17T17:06:47","slug":"__trashed-5","status":"publish","type":"page","link":"https:\/\/www.sdcv.org\/?page_id=1931","title":{"rendered":"PREPARATION DE NO\u00cbL 2025"},"content":{"rendered":"\n<p><\/p>\n\n\n\n<h2 class=\"wp-block-heading\">PREPARATION DE NO\u00cbL 2025<\/h2>\n\n\n\n<p>Nous nous approchons doucement de la p\u00e9riode de l&rsquo;Avent qui nous conduira \u00e0 No\u00ebl, mais pour le mois de novembre nous avons encore plusieurs rendez-vous:<\/p>\n\n\n\n<p>Pri\u00e8re pour la Paix les mercredis 19 novembre et 10 d\u00e9cembre \u00e0 20h15<\/p>\n\n\n\n<p>Comm\u00e9moration des 150 ans de la premi\u00e8re messe \u00e0 Saint D\u00e9fendent le vendredi 21 novembre \u00e019h. Ce jour-l\u00e0 il y aura la messe mais aussi un petit concert d&rsquo;orgue et un petit ap\u00e9ritif partag\u00e9.<\/p>\n\n\n\n<p>Atelier de d\u00e9coration pour le sapin de No\u00ebl ouvert \u00e0 tous le samedi 22 novembre \u00e0 partir de 14h.<\/p>\n\n\n\n<p><strong>AVENT ET NO\u00cbL 2025<\/strong><\/p>\n\n\n\n<p>Pendant le temps de l&rsquo;Avent, nous proposons des c\u00e9l\u00e9brations et plusieurs occasions d&rsquo;activit\u00e9s participatives<\/p>\n\n\n\n<p>C\u00c9L\u00c9BRATIONS<\/p>\n\n\n\n<p>Premier dimanche de l&rsquo;Avent le 30 novembre. Messe \u00e0 10h30.<\/p>\n\n\n\n<p>Pri\u00e8res de l&rsquo;Avent (\u00e0 ne pas confondre avec la Pri\u00e8re pour la Paix), anim\u00e9es par des paroissiens, les vendredi 5,12 et 19 d\u00e9cembre.<\/p>\n\n\n\n<p>Derni\u00e8re Messe de l&rsquo;Avent le dimanche 21 d\u00e9cembre \u00e0 10h30.<\/p>\n\n\n\n<p>Veill\u00e9e de No\u00ebl suivie de la Messe de la Nativit\u00e9 le mercredi 24 d\u00e9cembre \u00e0 19h. il y aura des chants, un chant gestuel, une petite pi\u00e8ce de th\u00e9\u00e2tre avec les enfants, un conte sur la paix et une procession avec des lampions.<\/p>\n\n\n\n<p>Messe de No\u00ebl le jeudi 25 d\u00e9cembre. Messe \u00e0 10h30, suivie d&rsquo;un repas pour ceux qui voudront rester.On pourra s&rsquo;inscrire les dimanches pr\u00e9c\u00e9dents et apporter quelque chose \u00e0 partager ce jour-l\u00e0. <\/p>\n\n\n\n<p>ACTIVIT\u00c9S PARTICIPATIVES<\/p>\n\n\n\n<p>Ateliers de p\u00e2tisserie de No\u00ebl les samedis 6 et 13 d\u00e9cembre \u00e0 partir de 14h.<\/p>\n\n\n\n<p>Venez chanter No\u00ebl le samedi 13 d\u00e9cembre \u00e0 17h! Nous chanterons ensemble des chants traditionnels de No\u00ebl.<\/p>\n\n\n\n<p><\/p>\n\n\n\n<p><\/p>\n\n\n\n<p><\/p>\n","protected":false},"excerpt":{"rendered":"<p>PREPARATION DE NO\u00cbL 2025 Nous nous approchons doucement de la p\u00e9riode de l&rsquo;Avent qui nous conduira \u00e0 No\u00ebl, mais pour le mois de novembre nous avons encore plusieurs rendez-vous: Pri\u00e8re pour la Paix les mercredis 19 novembre et 10 d\u00e9cembre \u00e0 20h15 Comm\u00e9moration des 150 ans de la premi\u00e8re messe \u00e0 Saint D\u00e9fendent le vendredi [&hellip;]<\/p>\n","protected":false},"author":3,"featured_media":0,"parent":0,"menu_order":0,"comment_status":"closed","ping_status":"closed","template":"","meta":{"footnotes":""},"class_list":["post-1931","page","type-page","status-publish","hentry"],"_links":{"self":[{"href":"https:\/\/www.sdcv.org\/index.php?rest_route=\/wp\/v2\/pages\/1931","targetHints":{"allow":["GET"]}}],"collection":[{"href":"https:\/\/www.sdcv.org\/index.php?rest_route=\/wp\/v2\/pages"}],"about":[{"href":"https:\/\/www.sdcv.org\/index.php?rest_route=\/wp\/v2\/types\/page"}],"author":[{"embeddable":true,"href":"https:\/\/www.sdcv.org\/index.php?rest_route=\/wp\/v2\/users\/3"}],"replies":[{"embeddable":true,"href":"https:\/\/www.sdcv.org\/index.php?rest_route=%2Fwp%2Fv2%2Fcomments&post=1931"}],"version-history":[{"count":5,"href":"https:\/\/www.sdcv.org\/index.php?rest_route=\/wp\/v2\/pages\/1931\/revisions"}],"predecessor-version":[{"id":1940,"href":"https:\/\/www.sdcv.org\/index.php?rest_route=\/wp\/v2\/pages\/1931\/revisions\/1940"}],"wp:attachment":[{"href":"https:\/\/www.sdcv.org\/index.php?rest_route=%2Fwp%2Fv2%2Fmedia&parent=1931"}],"curies":[{"name":"wp","href":"https:\/\/api.w.org\/{rel}","templated":true}]}}