{"id":1910,"date":"2025-10-20T21:36:06","date_gmt":"2025-10-20T19:36:06","guid":{"rendered":"https:\/\/www.sdcv.org\/?page_id=1910"},"modified":"2025-10-21T10:31:48","modified_gmt":"2025-10-21T08:31:48","slug":"le-bateau-bel-espoir-recu-a-marseille","status":"publish","type":"page","link":"https:\/\/www.sdcv.org\/?page_id=1910","title":{"rendered":"Le navire BEL Espoir re\u00e7u \u00e0 Marseille"},"content":{"rendered":"\n<p><a href=\"https:\/\/diocese-marseille.fr\">https:\/\/diocese-marseille.fr<\/a><\/p>\n\n\n\n<p>\/suivez le lien ci-dessus pour acc\u00e9der \u00e0 toutes les informations sur cet \u00e9v\u00e9nement<\/p>\n\n\n\n<p><\/p>\n","protected":false},"excerpt":{"rendered":"<p>https:\/\/diocese-marseille.fr \/suivez le lien ci-dessus pour acc\u00e9der \u00e0 toutes les informations sur cet \u00e9v\u00e9nement<\/p>\n","protected":false},"author":1,"featured_media":0,"parent":0,"menu_order":0,"comment_status":"closed","ping_status":"closed","template":"","meta":{"footnotes":""},"class_list":["post-1910","page","type-page","status-publish","hentry"],"_links":{"self":[{"href":"https:\/\/www.sdcv.org\/index.php?rest_route=\/wp\/v2\/pages\/1910","targetHints":{"allow":["GET"]}}],"collection":[{"href":"https:\/\/www.sdcv.org\/index.php?rest_route=\/wp\/v2\/pages"}],"about":[{"href":"https:\/\/www.sdcv.org\/index.php?rest_route=\/wp\/v2\/types\/page"}],"author":[{"embeddable":true,"href":"https:\/\/www.sdcv.org\/index.php?rest_route=\/wp\/v2\/users\/1"}],"replies":[{"embeddable":true,"href":"https:\/\/www.sdcv.org\/index.php?rest_route=%2Fwp%2Fv2%2Fcomments&post=1910"}],"version-history":[{"count":5,"href":"https:\/\/www.sdcv.org\/index.php?rest_route=\/wp\/v2\/pages\/1910\/revisions"}],"predecessor-version":[{"id":1920,"href":"https:\/\/www.sdcv.org\/index.php?rest_route=\/wp\/v2\/pages\/1910\/revisions\/1920"}],"wp:attachment":[{"href":"https:\/\/www.sdcv.org\/index.php?rest_route=%2Fwp%2Fv2%2Fmedia&parent=1910"}],"curies":[{"name":"wp","href":"https:\/\/api.w.org\/{rel}","templated":true}]}}