{"id":1842,"date":"2025-08-21T19:18:01","date_gmt":"2025-08-21T17:18:01","guid":{"rendered":"https:\/\/www.sdcv.org\/?page_id=1842"},"modified":"2025-08-21T19:33:01","modified_gmt":"2025-08-21T17:33:01","slug":"leon-xiv-appel-a-la-priere-pour-la-paix","status":"publish","type":"page","link":"https:\/\/www.sdcv.org\/?page_id=1842","title":{"rendered":"L\u00e9on XIV : Appel \u00e0 la pri\u00e8re pour la paix"},"content":{"rendered":"\n<pre class=\"wp-block-preformatted\">Bonjour \u00e0 chacun de vous, <br><br>Je vous relaie cet appel du pape. Il y a une dizaine de jours, l'union internationale des sup\u00e9rieures g\u00e9n\u00e9rales avait fait une d\u00e9claration et un appel dans le m\u00eame sens. Je vous joins leurs d\u00e9clarations et la pri\u00e8re propos\u00e9e. ( J'ai appr\u00e9ci\u00e9 leur style et attention concr\u00e8te.)<br>Fraternellement, Xavier <br><br>De Vatican News:<br><br>\"Apr\u00e8s une cat\u00e9ch\u00e8se centr\u00e9e sur le pardon lors de l'audience g\u00e9n\u00e9rale en salle Paul VI, le Pape a invit\u00e9 ce mercredi \u00e0 prier la Vierge afin qu'elle \u00abessuie les larmes de ceux qui souffrent \u00e0 cause des conflits arm\u00e9s en cours\u00bb. Dans cette optique, L\u00e9on XIV appelle \u00e0 vivre la journ\u00e9e du vendredi 22 ao\u00fbt dans le je\u00fbne et la pri\u00e8re, en la m\u00e9moire liturgique de la bienheureuse Vierge Marie Reine.<br><br>Le Pape L\u00e9on XIV a demand\u00e9 \u00e0 nouveau avec insistance aux fid\u00e8les et p\u00e8lerins r\u00e9unis dans la salle Paul VI pour l'audience g\u00e9n\u00e9rale, de prier pour la paix et les a invit\u00e9s \u00e0 invoquer l'intercession de Marie. Il l\u2019a fait en demandant \u00e0 tous les croyants de respecter, le 22 ao\u00fbt, jour de la m\u00e9moire liturgique de la Vierge Marie Reine, \u00able je\u00fbne et la pri\u00e8re, en suppliant le Seigneur de nous accorder la paix et la justice, et d'essuyer les larmes de ceux qui souffrent \u00e0 cause des conflits arm\u00e9s en cours\u00bb.<br><br>Marie, a ajout\u00e9 le Pape, \u00ab est la M\u00e8re des croyants ici sur terre, et elle est \u00e9galement invoqu\u00e9e comme Reine de la Paix, alors que notre terre continue d'\u00eatre bless\u00e9e par les guerres en Terre Sainte, en Ukraine et dans de nombreuses autres r\u00e9gions du monde \u00bb.<\/pre>\n\n\n\n<h2 class=\"wp-block-heading\">D\u00e9claration pour la Paix: 14 ao\u00fbt soit v\u00e9cu comme une journ\u00e9e de je\u00fbne et de pri\u00e8re<\/h2>\n\n\n\n<p>Dans un monde d\u00e9chir\u00e9 par la guerre et l&rsquo;inhumanit\u00e9 &#8211; \u00e0 Gaza, au Soudan, en R\u00e9publique d\u00e9mocratique du Congo, en Ukraine, au Myanmar, en Syrie, en Ha\u00efti et dans tant d&rsquo;autres pays meurtris par des conflits visibles et invisibles \u2013 nous ne pouvons rester des spectatrices silencieuses.<\/p>\n\n\n\n<p>Chaque jour, nous voyons des visages marqu\u00e9s par la douleur, des vies bris\u00e9es, des peuples priv\u00e9s de dignit\u00e9 et de paix, en particulier des femmes et des enfants.<\/p>\n\n\n\n<p><strong>En tant que femmes d&rsquo;esp\u00e9rance<\/strong>, enracin\u00e9es dans la foi et immerg\u00e9es dans les blessures de notre temps, nous ressentons le besoin profond d&rsquo;\u00e9lever notre voix et d&rsquo;unir nos c\u0153urs.<\/p>\n\n\n\n<p><strong>En tant que femmes aux fronti\u00e8res<\/strong>, marchant aux c\u00f4t\u00e9s de ceux et celles qui souffrent, \u00e0 l&rsquo;\u00e9coute du cri des pauvres et de la terre, nous avons la responsabilit\u00e9 de construire la communion, de prot\u00e9ger la vie et d&rsquo;appeler \u00e0 la justice.<\/p>\n\n\n\n<p>C&rsquo;est pourquoi nous vous invitons, dans un esprit de communion et de coresponsabilit\u00e9 \u00e9vang\u00e9lique, \u00e0 vous joindre \u00e0 un acte collectif de <strong>pri\u00e8re, de discernement et de t\u00e9moignage<\/strong>, afin que la paix ne soit pas seulement esp\u00e9r\u00e9e, mais construite.<\/p>\n\n\n\n<p>Nous proposons en particulier que le <strong>14 ao\u00fbt<\/strong> soit v\u00e9cu comme une<strong> journ\u00e9e de je\u00fbne et de pri\u00e8re<\/strong>, en demandant l&rsquo;intercession de la <strong>M\u00e8re de Dieu, Notre-Dame de la Paix<\/strong>, dont nous c\u00e9l\u00e9brons la f\u00eate le 15 ao\u00fbt.<\/p>\n\n\n\n<p>Confions-nous \u00e0 elle, afin qu&rsquo;elle r\u00e9ponde avec tendresse aux cris des peuples et nous enseigne \u00e0 \u00eatre une pr\u00e9sence humble et proph\u00e9tique dans les lieux de souffrance.<\/p>\n\n\n\n<p>Nous vous demandons de :<\/p>\n\n\n\n<ul class=\"wp-block-list\">\n<li><strong>Favoriser des moments de pri\u00e8re et de m\u00e9ditation de la Parole<\/strong> au sein de vos communaut\u00e9s, \u00e0 la lumi\u00e8re des souffrances actuelles de notre monde, en nous laissant transformer int\u00e9rieurement.<\/li>\n\n\n\n<li><strong>Engager un dialogue avec les autorit\u00e9s civiles et eccl\u00e9siales<\/strong> de vos pays respectifs, en les exhortant \u00e0 ouvrir des chemins de r\u00e9conciliation, de d\u00e9sarmement, de d\u00e9fense des droits humains et de protection des victimes.<\/li>\n\n\n\n<li><strong>Soutenir des actions concr\u00e8tes de solidarit\u00e9 mondiale<\/strong>, \u00e0 travers des r\u00e9seaux d\u2019aide humanitaire, d\u2019accueil et de plaidoyer proph\u00e9tique en faveur des peuples les plus affect\u00e9s.<\/li>\n<\/ul>\n\n\n\n<p><strong>En tant que femmes qui veillent dans la nuit<\/strong>, nous continuons \u00e0 croire que m\u00eame dans les heures les plus sombres, une lumi\u00e8re peut encore briller : la lumi\u00e8re de l&rsquo;\u00c9vangile, de la justice et de la fraternit\u00e9.<\/p>\n\n\n\n<p>Ensemble, invoquons le <strong>Dieu de la paix<\/strong>, afin que nous devenions des instruments de son amour, et nous confions ce chemin \u00e0 l&rsquo;intercession de <strong>Marie, notre M\u00e8re de l&rsquo;esp\u00e9rance<\/strong>.<\/p>\n\n\n\n<h2 class=\"wp-block-heading\">Pri\u00e8re pour la Paix \u2013 14 ao\u00fbt 2025 &#8211; Journ\u00e9e de Pri\u00e8re et de Je\u00fbne<\/h2>\n\n\n\n<p><strong><em>\u00c0 l\u2019occasion de la Journ\u00e9e de Pri\u00e8re et de Je\u00fbne pour la Paix<\/em><\/strong><em>, propos\u00e9e par l\u2019UISG (Union Internationale des Sup\u00e9rieures G\u00e9n\u00e9rales) pour le <\/em><strong><em>14 ao\u00fbt 2025<\/em><\/strong><em>, nous nous unissons dans la pri\u00e8re avec un c\u0153ur ouvert et solidaire.<br>Cette pri\u00e8re, pr\u00e9par\u00e9e par l\u2019UISG pour accompagner ce moment, nous invite \u00e0 nous tourner vers Dieu en ce temps marqu\u00e9 par les guerres, les violences et les divisions.<br>Confiants \u00e0 l\u2019intercession de <\/em><strong><em>Marie, M\u00e8re de la Paix<\/em><\/strong><em>, nous prions pour que chaque peuple retrouve l\u2019esp\u00e9rance, la justice et le don de la r\u00e9conciliation, en communion avec tant de personnes dans le monde qui aspirent \u00e0 la paix.<\/em><\/p>\n\n\n\n<p><strong>Marie, M\u00e8re de la Paix<\/strong>,<br>en ce temps bless\u00e9 par la guerre,<br>nous te confions les peuples d\u00e9chir\u00e9s par la haine,<br>les familles divis\u00e9es, les c\u0153urs bris\u00e9s par la violence.<\/p>\n\n\n\n<p>Toi qui as gard\u00e9 la douleur dans le silence,<br>apprends-nous \u00e0 veiller, \u00e0 ne pas fermer les yeux,<br>\u00e0 rester proches de ceux qui souffrent,<br>\u00e0 prier m\u00eame quand les mots nous manquent.<\/p>\n\n\n\n<p><strong>Donne la paix au monde, Seigneur J\u00e9sus<\/strong>,<br>pas celle qui s\u2019impose par la force,<br>mais celle qui na\u00eet de la justice,<br>du pardon, de la v\u00e9rit\u00e9, de l\u2019amour.<\/p>\n\n\n\n<p>Fais de nous des instruments de ta paix :<br>des mains qui rel\u00e8vent,<br>des voix qui consolent,<br>des c\u0153urs qui s\u2019ouvrent.<\/p>\n\n\n\n<p>Nous te prions pour les femmes et les enfants victimes des conflits,<br>pour les migrants en fuite, pour ceux qui sont prisonniers de la peur.<br>Nous te prions pour ceux qui ont perdu l\u2019esp\u00e9rance<br>et pour ceux qui continuent \u00e0 semer la haine.<\/p>\n\n\n\n<p>Que notre je\u00fbne soit solidarit\u00e9,<br>que notre pri\u00e8re devienne action,<br>que notre silence soit voix pour ceux qui n\u2019en ont pas.<\/p>\n\n\n\n<p><strong>Marie, Reine de la Paix<\/strong>,<br>interc\u00e8de pour nous,<br>afin que dans chaque coin de la terre<br>la lumi\u00e8re de l\u2019\u00c9vangile brille \u00e0 nouveau.<\/p>\n\n\n\n<p>Amen.<\/p>\n","protected":false},"excerpt":{"rendered":"<p>Bonjour \u00e0 chacun de vous, Je vous relaie cet appel du pape. Il y a une dizaine de jours, l&rsquo;union internationale des sup\u00e9rieures g\u00e9n\u00e9rales avait fait une d\u00e9claration et un appel dans le m\u00eame sens. Je vous joins leurs d\u00e9clarations et la pri\u00e8re propos\u00e9e. ( J&rsquo;ai appr\u00e9ci\u00e9 leur style et attention concr\u00e8te.)Fraternellement, Xavier De Vatican [&hellip;]<\/p>\n","protected":false},"author":1,"featured_media":0,"parent":0,"menu_order":0,"comment_status":"closed","ping_status":"closed","template":"","meta":{"footnotes":""},"class_list":["post-1842","page","type-page","status-publish","hentry"],"_links":{"self":[{"href":"https:\/\/www.sdcv.org\/index.php?rest_route=\/wp\/v2\/pages\/1842","targetHints":{"allow":["GET"]}}],"collection":[{"href":"https:\/\/www.sdcv.org\/index.php?rest_route=\/wp\/v2\/pages"}],"about":[{"href":"https:\/\/www.sdcv.org\/index.php?rest_route=\/wp\/v2\/types\/page"}],"author":[{"embeddable":true,"href":"https:\/\/www.sdcv.org\/index.php?rest_route=\/wp\/v2\/users\/1"}],"replies":[{"embeddable":true,"href":"https:\/\/www.sdcv.org\/index.php?rest_route=%2Fwp%2Fv2%2Fcomments&post=1842"}],"version-history":[{"count":2,"href":"https:\/\/www.sdcv.org\/index.php?rest_route=\/wp\/v2\/pages\/1842\/revisions"}],"predecessor-version":[{"id":1846,"href":"https:\/\/www.sdcv.org\/index.php?rest_route=\/wp\/v2\/pages\/1842\/revisions\/1846"}],"wp:attachment":[{"href":"https:\/\/www.sdcv.org\/index.php?rest_route=%2Fwp%2Fv2%2Fmedia&parent=1842"}],"curies":[{"name":"wp","href":"https:\/\/api.w.org\/{rel}","templated":true}]}}