{"id":1761,"date":"2025-06-25T12:22:58","date_gmt":"2025-06-25T10:22:58","guid":{"rendered":"https:\/\/www.sdcv.org\/?page_id=1761"},"modified":"2025-06-26T15:47:06","modified_gmt":"2025-06-26T13:47:06","slug":"bilan-2025-de-la-paroisse","status":"publish","type":"page","link":"https:\/\/www.sdcv.org\/?page_id=1761","title":{"rendered":"Bilan 2025 de la paroisse"},"content":{"rendered":"\n<h2 class=\"wp-block-heading\"><strong><strong>Liturgie<\/strong><\/strong><\/h2>\n\n\n\n<p>La messe dominicale est l\u2019\u00e9v\u00e9nement le plus important de notre paroisse.<\/p>\n\n\n\n<p>P\u00e8re Xavier est entour\u00e9 d\u2019un groupe solidaire et fid\u00e8le.<\/p>\n\n\n\n<p>L\u2019\u00e9quipe de la liturgie est constitu\u00e9e de sous-groupes.<\/p>\n\n\n\n<p>Fabien et Jean assurent le parfait d\u00e9roulement de la messe comme servants d\u2019autel.<\/p>\n\n\n\n<p>Jovita, Marl\u00e8ne et Fr\u00e9d\u00e9ric accueillent les fid\u00e8les et Jovita trouve de volontaires pour faire les lectures de la messe dominicale.<\/p>\n\n\n\n<p>Monique a pass\u00e9 le flambeau et une \u00e9quipe s\u2019est form\u00e9e pour pr\u00e9parer la Pri\u00e8re Universelle. Cette \u00e9quipe, coordonn\u00e9e par Nicole, fonctionne par roulement, comme celle des lecteurs.<\/p>\n\n\n\n<p><strong>La d\u00e9coration florale<\/strong> qui nous \u00e9merveille \u00e0 chaque assembl\u00e9e est principalement l\u2019\u0153uvre de C\u00e9cile. Ang\u00e8le lui pr\u00eate main forte en certaines occasions comme pour la Messe pour comm\u00e9morer la pose de la premi\u00e8re pierre de l\u2019\u00e9glise St-D\u00e9fendent et le reposoir pour adorer Saint Sacrement le Vendredi Saint.<\/p>\n\n\n\n<p><strong>La d\u00e9coration de l\u2019\u00e9glise, <\/strong>superbe surtout dans les temps forts (P\u00e2ques, la Pentec\u00f4te, la Trinit\u00e9 et la F\u00eate du Saint Sacr\u00e9ment), nous la devons \u00e0 Fran\u00e7ois. \u00c0 No\u00ebl, ce fut une autre \u00e9quipe de volontaires, coordonn\u00e9e par Nicole, aid\u00e9e par Fernando et Maria, qui ont fait une nouvelle cr\u00e8che inspir\u00e9e par un nouveau concept propos\u00e9 par Toni, une cr\u00e8che dans le d\u00e9sert. Pour la veill\u00e9e de la nuit de No\u00ebl, nous avons essay\u00e9 d\u2019illustrer la diversit\u00e9 de la paroisse avec des chants non francophones&nbsp;: anglais, espagnol, cr\u00e9ole, libanais, vietnamien\u2026<\/p>\n\n\n\n<p><strong>La Chorale<\/strong> nous permet de participer \u00e0 la messe et de comprendre en profondeur le sens de la liturgie. C\u2019est \u00e9galement un groupe fraternel et convivial ayant plaisir \u00e0 se retrouver chaque dimanche. \u00catre membre de la chorale, c&rsquo;est donner de la voix et de la joie ! Les animatrices sont Th\u00e9r\u00e8se et Florence et nos chefs de ch\u0153ur et musiciens sont Fran\u00e7ois et Michel, sans oublier Chlo\u00e9, la benjamine du trio de musiciens.<\/p>\n\n\n\n<p>Pour nous aider \u00e0 mieux chanter, les chants sont projet\u00e9s sur l\u2019\u00e9cran. Aux commandes, nous retrouvons souvent Manon, Kyara, Jorel, Ana\u00eblle, Char bel ou Sabine qui projettent le diaporama pr\u00e9par\u00e9 par Koylin et Manon.<\/p>\n\n\n\n<h2 class=\"wp-block-heading\">M\u00e9nage<\/h2>\n\n\n\n<p>Nous avons une \u00e9quipe de fid\u00e8les paroissiens (Marl\u00e8ne, Marie, Odile, Michelle, Marie-H\u00e9l\u00e8ne, Koylin\u2026) qui se pr\u00eatent main forte pour faire <strong>le m\u00e9nage<\/strong> de l\u2019\u00e9glise et des parties communes. Des volontaires seront toujours les bienvenus.<\/p>\n\n\n\n<h2 class=\"wp-block-heading\">Sacrements<\/h2>\n\n\n\n<p>Malgr\u00e9 l\u2019absence de cat\u00e9chistes \u00e0 proprement parler, nous avons pu assister \u00e0 la premi\u00e8re communion de Val\u00e9rie (une adulte) accompagn\u00e9e par le P\u00e8re Xavier, Mich\u00e8le et Marl\u00e8ne<em>,<\/em> et d\u2019Ana\u00eblle, la nuit du Jeudi Saint.<\/p>\n\n\n\n<p>Plusieurs nouveau-n\u00e9s ont \u00e9t\u00e9 pr\u00e9sent\u00e9s \u00e0 la paroisse et nous avons pu assister aux bapt\u00eames, d\u2019Emy, Martin et Samia et Owen, sans oublier ceux de leurs a\u00een\u00e9s Rapha\u00ebl, Stina et Gabriel. Pour se pr\u00e9parer aux sacrements, la premi\u00e8re \u00e9tape est de rejoindre celles et ceux qui prient \u00e0 la messe, puis de se renseigner aupr\u00e8s de notre cur\u00e9, le P\u00e8re Xavier.<\/p>\n\n\n\n<h2 class=\"wp-block-heading\">Charit\u00e9<\/h2>\n\n\n\n<p>Des efforts se poursuivent pour viv<strong>re une charit\u00e9 active<\/strong>.<\/p>\n\n\n\n<p><strong>100 pour un TOIT&nbsp;: <\/strong>l\u2019Association vise \u00e0 d\u2019aider des personnes en difficult\u00e9 \u00e0 se loger. L\u2019id\u00e9e est que 100 personnes donnent 5\u2009\u20ac par mois pour aider une famille \u00e0 trouver un h\u00e9bergement. La paroisse a accept\u00e9 de soutenir une famille pour qu\u2019elle acc\u00e8de \u00e0 un logement par le biais de cette association<em>.<\/em><\/p>\n\n\n\n<p>En novembre 2025, nous f\u00eaterons les trois ans des <strong>Petits D\u00e9jeuners de Saint D\u00e9fendent<\/strong>. C\u2019est devenu une table ouverte o\u00f9 chacun a sa place et dont les piliers indiscutables sont <em>Michelle, le P\u00e8re Xavier, Nicolas, Fernando, Marl\u00e8ne et Maria.<\/em> Au fil du temps, une relation de confiance et d\u2019entraide s\u2019est cr\u00e9\u00e9e entre les b\u00e9n\u00e9voles et les b\u00e9n\u00e9ficiaires, qui participent aussi aux  c\u00e9l\u00e9brations de la paroisse. \u00c0 l\u2019origine, ce sont des b\u00e9n\u00e9voles du Secours Catholique de Saint-Joseph qui nous ont donn\u00e9 la marche \u00e0 suivre. <\/p>\n\n\n\n<p>Le rendez-vous a lieu tous les samedis de 8 h 30 \u00e0 11 h (nous assurons un roulement pendant les vacances, m\u00eame l\u2019\u00e9t\u00e9). \u00c0 cause de la chaleur, on ouvre plus t\u00f4t, vers 8&nbsp;h et on ferme le buffet \u00e0 10 h 30. Marc, l\u2019un des b\u00e9n\u00e9ficiaires, nous propose depuis peu des ateliers d\u2019\u00e9coute de musique sacr\u00e9e certains samedis, apr\u00e8s le petit-d\u00e9jeuner. Le prochain sera le samedi 5 juillet.<br><\/p>\n\n\n\n<h2 class=\"wp-block-heading\">Formation<\/h2>\n\n\n\n<p>Le Car\u00eame est le moment propice pour approfondir notre foi&nbsp;: pendant quatre dimanches, nous avons consacr\u00e9 une demi-heure \u00e0 une m\u00e9ditation. Concernant la r\u00e9collection dioc\u00e9saine et la r\u00e9collection vietnamienne, durant le Car\u00eame, voire les articles correspondants sur le site de la paroisse&nbsp;: <a href=\"http:\/\/www.sdcv.org\/\">www.sdcv.org<\/a>.<\/p>\n\n\n\n<p>Le parcours de lecture biblique propos\u00e9 par le P\u00e8re Paul Bony et ses collaborateurs a permis \u00e0 une dizaine de personnes de se retrouver une fois par mois pour mieux comprendre <strong>Le Livre de J\u00e9r\u00e9mie<\/strong>. Par la m\u00eame occasion, nous avons appris \u00e0 nous conna\u00eetre avec sinc\u00e9rit\u00e9, confiance et joie. Nous avons h\u00e2te de renouveler l\u2019exp\u00e9rience avec un nouveau parcours dont nous ne connaissons pas encore le contenu.<\/p>\n\n\n\n<h2 class=\"wp-block-heading\">Communication<\/h2>\n\n\n\n<p><strong>Groupe Accueil&nbsp;: <\/strong>Marl\u00e8ne, Ang\u00e8le et Herv\u00e9<\/p>\n\n\n\n<p>Le vendredi matin de 9 h 30 \u00e0 11 h 30, on ouvre l\u2019\u00e9glise et on accueille les personnes.<\/p>\n\n\n\n<p>On les invite aussi \u00e0 aller \u00e0 la grotte dans la cour o\u00f9 elles peuvent se recueillir.<\/p>\n\n\n\n<p>Des anciens du quartier viennent \u00e9galement en p\u00e8lerinage. <\/p>\n\n\n\n<p>Ce serait bien s\u2019il y avait d\u2019autres volontaires pour ouvrir un matin ou un apr\u00e8s-midi.<\/p>\n\n\n\n<h2 class=\"wp-block-heading\">Malades<\/h2>\n\n\n\n<p>Nous sugg\u00e9rons que le P\u00e8re nous tienne inform\u00e9 lorsque des paroissiens que l\u2019on ne voit plus \u00e0 la messe sont malades ou hospitalis\u00e9s. Nous pourrions alors leur rendre visite ou leur porter la communion, de m\u00eame concernant ceux qui sont en maison de retraite.<\/p>\n\n\n\n<h2 class=\"wp-block-heading\">Internet<\/h2>\n\n\n\n<p>La paroisse a un <strong>Site Web<\/strong> :<strong> www.sdcv.org<\/strong> dont s\u2019occupent Bruno, Maria et Pascal. L&rsquo;objectif est d\u2019informer les personnes qui peuvent s\u2019int\u00e9resser aux activit\u00e9s de la paroisse (messes, temps forts, c\u00e9l\u00e9brations, repas, p\u00e8lerinages\u2026)<\/p>\n\n\n\n<h2 class=\"wp-block-heading\">Comptabilit\u00e9, financier et patrimoine<\/h2>\n\n\n\n<p>L\u2019ann\u00e9e \u00e9coul\u00e9e a \u00e9t\u00e9 marqu\u00e9e par de grands changements dans le domaine administratif. La comptabilit\u00e9 papier a \u00e9t\u00e9 remplac\u00e9e par une comptabilit\u00e9 informatique assur\u00e9e par Elodie et Jean. La gestion de ressources locales est toujours assur\u00e9e par Brigitte avec l\u2019aide de Jean, qui veille aussi aux d\u00e9penses courantes.<\/p>\n\n\n\n<p>En mati\u00e8re patrimoniale, la prise en charge du projet de transformation par le dioc\u00e8se all\u00e8ge le travail de la paroisse et facilitera la mise en place d\u2019un v\u00e9ritable conseil pastoral aux affaires \u00e9conomiques.<\/p>\n\n\n\n<h2 class=\"wp-block-heading\">Travaux, immobilier<\/h2>\n\n\n\n<p>Concernant <strong>la maintenance<\/strong> (bricolage, jardinage, ma\u00e7onnerie, \u00e9lectricit\u00e9 &#8230;), il y a toujours eu des volontaires&nbsp;: Pierre, Justin, Roland, Drite, Noa, Romuald, Michel, Jean-Jacques et bien d\u2019autres.<\/p>\n\n\n\n<p>Cette ann\u00e9e, nous avons poursuivi notre r\u00e9flexion sur le <strong>projet immobilier<\/strong> de la paroisse, qui d\u00e9marrera normalement dans un an et demi. Nous, les paroissiens int\u00e9ress\u00e9s par l&rsquo;avenir de notre paroisse, avons \u00e9t\u00e9 sollicit\u00e9s et associ\u00e9s \u00e0 chaque \u00e9tape d\u00e9cisive de l\u2019\u00e9laboration de ce projet : construction d\u2019un nouveau logement pour le pr\u00eatre, \u00e9largissement de la salle La Vang, am\u00e9nagement de l\u2019espace pour cr\u00e9er des logements sociaux, location de l\u2019actuel presbyt\u00e8re pour des familles.<\/p>\n\n\n\n<h2 class=\"wp-block-heading\">Les 150 ans de la paroisse<\/h2>\n\n\n\n<p>Dans cette optique, nous restons fid\u00e8les aux origines de la paroisse Saint D\u00e9fendent qui f\u00eate ses 150 ans en cette ann\u00e9e 2025. En effet, le 9 f\u00e9vrier 2025, la paroisse a voulu comm\u00e9morer les 150 ans de la pose de la premi\u00e8re pierre de notre \u00e9glise, \u00e9v\u00e8nement marquant de notre ann\u00e9e pastorale : <\/p>\n\n\n\n<ul class=\"wp-block-list\">\n<li>Une conf\u00e9rence sur les origines par le P\u00e8re Patrick Vigneras, <\/li>\n\n\n\n<li>deux visites guid\u00e9es de l\u2019\u00e9glise, une exposition permanente de photos et de divers documents, <\/li>\n\n\n\n<li>un montage audio-vid\u00e9o avec les t\u00e9moignages de nos a\u00een\u00e9s et des animations diverses, ont rassembl\u00e9 les paroissiens.<\/li>\n<\/ul>\n\n\n\n<ul class=\"wp-block-list\">\n<li>Une messe, conc\u00e9l\u00e9br\u00e9e par de nombreux pr\u00eatres du dioc\u00e8se et pr\u00e9sid\u00e9e par le Vicaire G\u00e9n\u00e9ral Pierre Brunet, <\/li>\n\n\n\n<li>suivie d\u2019un repas pr\u00e9par\u00e9 par Josiane, aid\u00e9e de plusieurs fid\u00e8les de Saint D\u00e9fendent et de la Communaut\u00e9 franco-vietnamienne, a eu beaucoup de succ\u00e8s.<\/li>\n<\/ul>\n\n\n\n<ul class=\"wp-block-list\">\n<li>Le 18 mai 2025, toujours dans le cadre des 150 ans de Saint D\u00e9fendent, eut lieu la conf\u00e9rence du P\u00e8re Robert Peloux sur Le mouvement du Prado et sur le P\u00e8re Antoine Chevrier. <br><\/li>\n\n\n\n<li>Mais, ce n\u2019est pas fini ! Le P\u00e8re Xavier propose de comm\u00e9morer,  au mois de novembre, les 150 ans de la premi\u00e8re messe dans la paroisse.<\/li>\n<\/ul>\n\n\n\n<p><\/p>\n","protected":false},"excerpt":{"rendered":"<p>Liturgie La messe dominicale est l\u2019\u00e9v\u00e9nement le plus important de notre paroisse. P\u00e8re Xavier est entour\u00e9 d\u2019un groupe solidaire et fid\u00e8le. L\u2019\u00e9quipe de la liturgie est constitu\u00e9e de sous-groupes. Fabien et Jean assurent le parfait d\u00e9roulement de la messe comme servants d\u2019autel. Jovita, Marl\u00e8ne et Fr\u00e9d\u00e9ric accueillent les fid\u00e8les et Jovita trouve de volontaires pour [&hellip;]<\/p>\n","protected":false},"author":1,"featured_media":0,"parent":0,"menu_order":0,"comment_status":"closed","ping_status":"closed","template":"","meta":{"footnotes":""},"class_list":["post-1761","page","type-page","status-publish","hentry"],"_links":{"self":[{"href":"https:\/\/www.sdcv.org\/index.php?rest_route=\/wp\/v2\/pages\/1761","targetHints":{"allow":["GET"]}}],"collection":[{"href":"https:\/\/www.sdcv.org\/index.php?rest_route=\/wp\/v2\/pages"}],"about":[{"href":"https:\/\/www.sdcv.org\/index.php?rest_route=\/wp\/v2\/types\/page"}],"author":[{"embeddable":true,"href":"https:\/\/www.sdcv.org\/index.php?rest_route=\/wp\/v2\/users\/1"}],"replies":[{"embeddable":true,"href":"https:\/\/www.sdcv.org\/index.php?rest_route=%2Fwp%2Fv2%2Fcomments&post=1761"}],"version-history":[{"count":15,"href":"https:\/\/www.sdcv.org\/index.php?rest_route=\/wp\/v2\/pages\/1761\/revisions"}],"predecessor-version":[{"id":1786,"href":"https:\/\/www.sdcv.org\/index.php?rest_route=\/wp\/v2\/pages\/1761\/revisions\/1786"}],"wp:attachment":[{"href":"https:\/\/www.sdcv.org\/index.php?rest_route=%2Fwp%2Fv2%2Fmedia&parent=1761"}],"curies":[{"name":"wp","href":"https:\/\/api.w.org\/{rel}","templated":true}]}}