{"id":1727,"date":"2025-06-21T10:04:47","date_gmt":"2025-06-21T08:04:47","guid":{"rendered":"https:\/\/www.sdcv.org\/?page_id=1727"},"modified":"2025-06-21T10:35:09","modified_gmt":"2025-06-21T08:35:09","slug":"messe-du-saint-sacrement-et-repas-de-fin-dannee-2025-a-saint-defendent","status":"publish","type":"page","link":"https:\/\/www.sdcv.org\/?page_id=1727","title":{"rendered":"Messe du Saint Sacrement, repas de fin d&rsquo;ann\u00e9e"},"content":{"rendered":"\n<p>Nous arrivons \u00e0 la fin de notre ann\u00e9e pastorale 2024\/2025, par cons\u00e9quent \u00e0 notre F\u00eate de fin d&rsquo;ann\u00e9e.<\/p>\n\n\n\n<p>Le dimanche 22 juin, nous nous retrouverons pour la F\u00eate du Saint Sacr\u00e9ment. La messe et le bilan avec le diaporama seront dans l&rsquo;\u00e9glise, l&rsquo;ap\u00e9ritif et le repas dans la cour. Les pr\u00e9paratifs commencent aujourd&rsquo;hui \u00e0 10h avec le nettoyage et l&rsquo;installation des tables et chaises.<\/p>\n\n\n\n<p>Pour le repas, beaucoup de personnes se sont inscrites. Les inscriptions sont ferm\u00e9es maintenant. Si vous avez envie de participer, vous pouvez venir ce matin et on vous ajoutera \u00e0 la liste.<\/p>\n\n\n\n<p>Dimanche, ce sera un repas convivial et partag\u00e9. Chacun apporte quelque chose et on mettra tout ensemble. Les plats seront accueillis et pr\u00e9par\u00e9s pour le service.<\/p>\n\n\n\n<p>Il n&rsquo;y a pas que la cuisine, on peut s&rsquo;inscrire \u00e9galement pour d&rsquo;autres services. Samedi matin et peut-\u00eatre samedi apr\u00e8s-midi, nettoyage et installation de tables et chaises. Dimanche matin, mise en place des tables, service de table, grillades, d\u00e9barras des tables et nettoyage, vaisselle, rangement, etc.<\/p>\n\n\n\n<p>Nous serons nombreux, mais si tout le monde joue le jeu, ce sera s\u00fbrement une belle f\u00eate\u202f !<\/p>\n\n\n\n<p><\/p>\n","protected":false},"excerpt":{"rendered":"<p>Nous arrivons \u00e0 la fin de notre ann\u00e9e pastorale 2024\/2025, par cons\u00e9quent \u00e0 notre F\u00eate de fin d&rsquo;ann\u00e9e. Le dimanche 22 juin, nous nous retrouverons pour la F\u00eate du Saint Sacr\u00e9ment. La messe et le bilan avec le diaporama seront dans l&rsquo;\u00e9glise, l&rsquo;ap\u00e9ritif et le repas dans la cour. Les pr\u00e9paratifs commencent aujourd&rsquo;hui \u00e0 10h [&hellip;]<\/p>\n","protected":false},"author":3,"featured_media":0,"parent":0,"menu_order":0,"comment_status":"closed","ping_status":"closed","template":"","meta":{"footnotes":""},"class_list":["post-1727","page","type-page","status-publish","hentry"],"_links":{"self":[{"href":"https:\/\/www.sdcv.org\/index.php?rest_route=\/wp\/v2\/pages\/1727","targetHints":{"allow":["GET"]}}],"collection":[{"href":"https:\/\/www.sdcv.org\/index.php?rest_route=\/wp\/v2\/pages"}],"about":[{"href":"https:\/\/www.sdcv.org\/index.php?rest_route=\/wp\/v2\/types\/page"}],"author":[{"embeddable":true,"href":"https:\/\/www.sdcv.org\/index.php?rest_route=\/wp\/v2\/users\/3"}],"replies":[{"embeddable":true,"href":"https:\/\/www.sdcv.org\/index.php?rest_route=%2Fwp%2Fv2%2Fcomments&post=1727"}],"version-history":[{"count":15,"href":"https:\/\/www.sdcv.org\/index.php?rest_route=\/wp\/v2\/pages\/1727\/revisions"}],"predecessor-version":[{"id":1753,"href":"https:\/\/www.sdcv.org\/index.php?rest_route=\/wp\/v2\/pages\/1727\/revisions\/1753"}],"wp:attachment":[{"href":"https:\/\/www.sdcv.org\/index.php?rest_route=%2Fwp%2Fv2%2Fmedia&parent=1727"}],"curies":[{"name":"wp","href":"https:\/\/api.w.org\/{rel}","templated":true}]}}