{"id":1714,"date":"2025-06-18T18:27:57","date_gmt":"2025-06-18T16:27:57","guid":{"rendered":"https:\/\/www.sdcv.org\/?page_id=1714"},"modified":"2025-06-18T18:35:04","modified_gmt":"2025-06-18T16:35:04","slug":"repas-de-fin-dannee-2025","status":"publish","type":"page","link":"https:\/\/www.sdcv.org\/?page_id=1714","title":{"rendered":"Repas de fin d&rsquo;ann\u00e9e 2025"},"content":{"rendered":"\n<h2 class=\"wp-block-heading\">Fin des inscriptions :<br>le vendredi 20 Juin 2025 \u00e0 18 h.<\/h2>\n\n\n\n<ul class=\"wp-block-list\">\n<li><\/li>\n<\/ul>\n\n\n\n<p>R\u00e9pondre par mail \u00e0 :<strong> Saintdefendent@gmail.com<\/strong><\/p>\n\n\n\n<p>en pr\u00e9cisant :<\/p>\n\n\n\n<ul class=\"wp-block-list\">\n<li>plats apport\u00e9s \u00e0 partager<\/li>\n\n\n\n<li>et\/ou service propos\u00e9<\/li>\n\n\n\n<li>nombre de personnes<\/li>\n<\/ul>\n\n\n\n<p><\/p>\n\n\n\n<p><\/p>\n","protected":false},"excerpt":{"rendered":"<p>Fin des inscriptions :le vendredi 20 Juin 2025 \u00e0 18 h. R\u00e9pondre par mail \u00e0 : Saintdefendent@gmail.com en pr\u00e9cisant :<\/p>\n","protected":false},"author":1,"featured_media":0,"parent":0,"menu_order":0,"comment_status":"closed","ping_status":"closed","template":"","meta":{"footnotes":""},"class_list":["post-1714","page","type-page","status-publish","hentry"],"_links":{"self":[{"href":"https:\/\/www.sdcv.org\/index.php?rest_route=\/wp\/v2\/pages\/1714","targetHints":{"allow":["GET"]}}],"collection":[{"href":"https:\/\/www.sdcv.org\/index.php?rest_route=\/wp\/v2\/pages"}],"about":[{"href":"https:\/\/www.sdcv.org\/index.php?rest_route=\/wp\/v2\/types\/page"}],"author":[{"embeddable":true,"href":"https:\/\/www.sdcv.org\/index.php?rest_route=\/wp\/v2\/users\/1"}],"replies":[{"embeddable":true,"href":"https:\/\/www.sdcv.org\/index.php?rest_route=%2Fwp%2Fv2%2Fcomments&post=1714"}],"version-history":[{"count":2,"href":"https:\/\/www.sdcv.org\/index.php?rest_route=\/wp\/v2\/pages\/1714\/revisions"}],"predecessor-version":[{"id":1718,"href":"https:\/\/www.sdcv.org\/index.php?rest_route=\/wp\/v2\/pages\/1714\/revisions\/1718"}],"wp:attachment":[{"href":"https:\/\/www.sdcv.org\/index.php?rest_route=%2Fwp%2Fv2%2Fmedia&parent=1714"}],"curies":[{"name":"wp","href":"https:\/\/api.w.org\/{rel}","templated":true}]}}