{"id":1642,"date":"2025-05-13T10:43:52","date_gmt":"2025-05-13T08:43:52","guid":{"rendered":"https:\/\/www.sdcv.org\/?page_id=1642"},"modified":"2025-05-20T08:53:24","modified_gmt":"2025-05-20T06:53:24","slug":"atelier-ecoute-de-la-musique-sacree","status":"publish","type":"page","link":"https:\/\/www.sdcv.org\/?page_id=1642","title":{"rendered":"07\/06 ATELIER \u00ab\u00a0ECOUTE DE LA MUSIQUE SACREE\u00a0\u00bb"},"content":{"rendered":"\n<h2 class=\"wp-block-heading\">(LES PLUS GRANDS CHEFS-D&rsquo;OEUVRES)<\/h2>\n\n\n\n<p>Le samedi <strong>7 juin 2025 <\/strong>il aura \u00e0 la salle La Vang, de 11h \u00e0 12h30, le 2\u00e8me at\u00e9lier d&rsquo;\u00e9coute de la musique sacr\u00e9e.<\/p>\n\n\n\n<p> Au programme : le <strong>Te Deum<\/strong> de Charpentier. Il sera ouvert \u00e0 tous.<\/p>\n\n\n\n<figure class=\"wp-block-image size-full\"><a href=\"https:\/\/www.sdcv.org\/wp-content\/uploads\/2025\/05\/Capture-decran-du-2025-05-12-20-00-44.png\"><img loading=\"lazy\" decoding=\"async\" width=\"812\" height=\"745\" src=\"https:\/\/www.sdcv.org\/wp-content\/uploads\/2025\/05\/Capture-decran-du-2025-05-12-20-00-44.png\" alt=\"\" class=\"wp-image-1653\" srcset=\"https:\/\/www.sdcv.org\/wp-content\/uploads\/2025\/05\/Capture-decran-du-2025-05-12-20-00-44.png 812w, https:\/\/www.sdcv.org\/wp-content\/uploads\/2025\/05\/Capture-decran-du-2025-05-12-20-00-44-300x275.png 300w, https:\/\/www.sdcv.org\/wp-content\/uploads\/2025\/05\/Capture-decran-du-2025-05-12-20-00-44-768x705.png 768w\" sizes=\"auto, (max-width: 812px) 100vw, 812px\" \/><\/a><\/figure>\n","protected":false},"excerpt":{"rendered":"<p>(LES PLUS GRANDS CHEFS-D&rsquo;OEUVRES) Le samedi 7 juin 2025 il aura \u00e0 la salle La Vang, de 11h \u00e0 12h30, le 2\u00e8me at\u00e9lier d&rsquo;\u00e9coute de la musique sacr\u00e9e. Au programme : le Te Deum de Charpentier. Il sera ouvert \u00e0 tous.<\/p>\n","protected":false},"author":3,"featured_media":0,"parent":0,"menu_order":0,"comment_status":"closed","ping_status":"closed","template":"","meta":{"footnotes":""},"class_list":["post-1642","page","type-page","status-publish","hentry"],"_links":{"self":[{"href":"https:\/\/www.sdcv.org\/index.php?rest_route=\/wp\/v2\/pages\/1642","targetHints":{"allow":["GET"]}}],"collection":[{"href":"https:\/\/www.sdcv.org\/index.php?rest_route=\/wp\/v2\/pages"}],"about":[{"href":"https:\/\/www.sdcv.org\/index.php?rest_route=\/wp\/v2\/types\/page"}],"author":[{"embeddable":true,"href":"https:\/\/www.sdcv.org\/index.php?rest_route=\/wp\/v2\/users\/3"}],"replies":[{"embeddable":true,"href":"https:\/\/www.sdcv.org\/index.php?rest_route=%2Fwp%2Fv2%2Fcomments&post=1642"}],"version-history":[{"count":6,"href":"https:\/\/www.sdcv.org\/index.php?rest_route=\/wp\/v2\/pages\/1642\/revisions"}],"predecessor-version":[{"id":1681,"href":"https:\/\/www.sdcv.org\/index.php?rest_route=\/wp\/v2\/pages\/1642\/revisions\/1681"}],"wp:attachment":[{"href":"https:\/\/www.sdcv.org\/index.php?rest_route=%2Fwp%2Fv2%2Fmedia&parent=1642"}],"curies":[{"name":"wp","href":"https:\/\/api.w.org\/{rel}","templated":true}]}}