{"id":1532,"date":"2025-04-15T18:18:09","date_gmt":"2025-04-15T16:18:09","guid":{"rendered":"https:\/\/www.sdcv.org\/?page_id=1532"},"modified":"2025-06-21T09:58:23","modified_gmt":"2025-06-21T07:58:23","slug":"recollection-vietnamienne-2025","status":"publish","type":"page","link":"https:\/\/www.sdcv.org\/?page_id=1532","title":{"rendered":"RECOLLECTION VIETNAMIENNE 2025"},"content":{"rendered":"\n<p>D&rsquo;apr\u00e8s les divers t\u00e9moignages, la r\u00e9collection se d\u00e9roula par une journ\u00e9e ensoleill\u00e9e le dimanche 23 mars 2025 \u00e0 la salle La Vang et ce fut en vietnamien.<\/p>\n\n\n\n<p>Le P\u00e8re Pierre Thong et le P\u00e8re Joseph ont encadr\u00e9 la journ\u00e9e. A 9:30, le P\u00e8re Gr\u00e9goire Vu a fait une conf\u00e9rence sur la vie de J\u00e9sus et l&rsquo;application possible \u00e0 la vie de chacun, suivie par le Cr\u00e9do.<\/p>\n\n\n\n<p>A 11:30 des questions ont \u00e9t\u00e9 pos\u00e9es aux pr\u00eatres, puis le P\u00e8re Thong a fait son hom\u00e9lie. Le repas a, suivi. A 13:30 il y a eu la r\u00e9conciliation avec les confessions et \u00e0 14:30 le Chemin de Croix. Cette belle journ\u00e9e s&rsquo;est termin\u00e9e par la messe \u00e0 15:30.<\/p>\n\n\n\n<p><strong>PROCHAINES MESSES EN VIETNAMIEN<\/strong> (\u00e0 15:30)<\/p>\n\n\n\n<p>Le dimanche 4 mai 2025<\/p>\n\n\n\n<p>Le dimanche 8 juin 2025<\/p>\n\n\n\n<p>Le dimanche 6 juillet 2025 <\/p>\n","protected":false},"excerpt":{"rendered":"<p>D&rsquo;apr\u00e8s les divers t\u00e9moignages, la r\u00e9collection se d\u00e9roula par une journ\u00e9e ensoleill\u00e9e le dimanche 23 mars 2025 \u00e0 la salle La Vang et ce fut en vietnamien. Le P\u00e8re Pierre Thong et le P\u00e8re Joseph ont encadr\u00e9 la journ\u00e9e. A 9:30, le P\u00e8re Gr\u00e9goire Vu a fait une conf\u00e9rence sur la vie de J\u00e9sus et [&hellip;]<\/p>\n","protected":false},"author":3,"featured_media":0,"parent":0,"menu_order":0,"comment_status":"closed","ping_status":"closed","template":"","meta":{"footnotes":""},"class_list":["post-1532","page","type-page","status-publish","hentry"],"_links":{"self":[{"href":"https:\/\/www.sdcv.org\/index.php?rest_route=\/wp\/v2\/pages\/1532","targetHints":{"allow":["GET"]}}],"collection":[{"href":"https:\/\/www.sdcv.org\/index.php?rest_route=\/wp\/v2\/pages"}],"about":[{"href":"https:\/\/www.sdcv.org\/index.php?rest_route=\/wp\/v2\/types\/page"}],"author":[{"embeddable":true,"href":"https:\/\/www.sdcv.org\/index.php?rest_route=\/wp\/v2\/users\/3"}],"replies":[{"embeddable":true,"href":"https:\/\/www.sdcv.org\/index.php?rest_route=%2Fwp%2Fv2%2Fcomments&post=1532"}],"version-history":[{"count":6,"href":"https:\/\/www.sdcv.org\/index.php?rest_route=\/wp\/v2\/pages\/1532\/revisions"}],"predecessor-version":[{"id":1734,"href":"https:\/\/www.sdcv.org\/index.php?rest_route=\/wp\/v2\/pages\/1532\/revisions\/1734"}],"wp:attachment":[{"href":"https:\/\/www.sdcv.org\/index.php?rest_route=%2Fwp%2Fv2%2Fmedia&parent=1532"}],"curies":[{"name":"wp","href":"https:\/\/api.w.org\/{rel}","templated":true}]}}