{"id":1527,"date":"2025-04-09T10:34:29","date_gmt":"2025-04-09T08:34:29","guid":{"rendered":"https:\/\/www.sdcv.org\/?page_id=1527"},"modified":"2025-06-20T17:40:35","modified_gmt":"2025-06-20T15:40:35","slug":"recollection-des-vietnamiens-vietnamienne","status":"publish","type":"page","link":"https:\/\/www.sdcv.org\/?page_id=1527","title":{"rendered":"R\u00c9COLLECTION DES VIETNAMIENS"},"content":{"rendered":"\n<p><\/p>\n\n\n\n<p class=\"has-black-color has-text-color has-link-color wp-elements-3cbd19604a2b940cc3e69a1a156b614d\" style=\"font-style:normal;font-weight:600\">La r\u00e9collection se d\u00e9roula par une journ\u00e9e ensoleill\u00e9e le 23 mars 2025 en vietnamien.<\/p>\n\n\n\n<p class=\"has-black-color has-text-color has-link-color wp-elements-0aedb657c401e6816f858a33957f6fef\" style=\"font-style:normal;font-weight:600\">Cela a commenc\u00e9 \u00e0 9:30 \u00e0 la salle La Vang avec la conf\u00e9rence du P\u00e8re Joseph sur la vie de J\u00e9sus et l&rsquo;application \u00e0 la vie de chacun, suivi par le Credo.<\/p>\n\n\n\n<p class=\"has-black-color has-text-color has-link-color wp-elements-7126d541220ba34b6a3b4fb5795afbac\" style=\"font-style:normal;font-weight:600\">\u00c0 11:30, des questions lui ont \u00e9t\u00e9 pos\u00e9es. ensuite le P\u00e8re Tong a fait son hom\u00e9lie. Le repas a \u00e9t\u00e9 pris entre midi et 13:30.<\/p>\n\n\n\n<p class=\"has-black-color has-text-color has-link-color wp-elements-950f6ce3a4028d3962bbce38e65f6fb7\" style=\"font-style:normal;font-weight:600\">A 13:30 il y a eu les confessions et \u00e0 14:30 le Chemin de Croix.<\/p>\n\n\n\n<p class=\"has-black-color has-text-color has-link-color wp-elements-268f9aa5a9b91ddbbe5edca41f719265\" style=\"font-style:normal;font-weight:600\">Cette belle journ\u00e9e s&rsquo;est termin\u00e9e avec la messe \u00e0 15:30.<\/p>\n\n\n\n<p><\/p>\n","protected":false},"excerpt":{"rendered":"<p>La r\u00e9collection se d\u00e9roula par une journ\u00e9e ensoleill\u00e9e le 23 mars 2025 en vietnamien. Cela a commenc\u00e9 \u00e0 9:30 \u00e0 la salle La Vang avec la conf\u00e9rence du P\u00e8re Joseph sur la vie de J\u00e9sus et l&rsquo;application \u00e0 la vie de chacun, suivi par le Credo. \u00c0 11:30, des questions lui ont \u00e9t\u00e9 pos\u00e9es. ensuite [&hellip;]<\/p>\n","protected":false},"author":3,"featured_media":0,"parent":0,"menu_order":0,"comment_status":"closed","ping_status":"closed","template":"","meta":{"footnotes":""},"class_list":["post-1527","page","type-page","status-publish","hentry"],"_links":{"self":[{"href":"https:\/\/www.sdcv.org\/index.php?rest_route=\/wp\/v2\/pages\/1527","targetHints":{"allow":["GET"]}}],"collection":[{"href":"https:\/\/www.sdcv.org\/index.php?rest_route=\/wp\/v2\/pages"}],"about":[{"href":"https:\/\/www.sdcv.org\/index.php?rest_route=\/wp\/v2\/types\/page"}],"author":[{"embeddable":true,"href":"https:\/\/www.sdcv.org\/index.php?rest_route=\/wp\/v2\/users\/3"}],"replies":[{"embeddable":true,"href":"https:\/\/www.sdcv.org\/index.php?rest_route=%2Fwp%2Fv2%2Fcomments&post=1527"}],"version-history":[{"count":17,"href":"https:\/\/www.sdcv.org\/index.php?rest_route=\/wp\/v2\/pages\/1527\/revisions"}],"predecessor-version":[{"id":1723,"href":"https:\/\/www.sdcv.org\/index.php?rest_route=\/wp\/v2\/pages\/1527\/revisions\/1723"}],"wp:attachment":[{"href":"https:\/\/www.sdcv.org\/index.php?rest_route=%2Fwp%2Fv2%2Fmedia&parent=1527"}],"curies":[{"name":"wp","href":"https:\/\/api.w.org\/{rel}","templated":true}]}}