{"id":1412,"date":"2025-02-05T11:14:51","date_gmt":"2025-02-05T10:14:51","guid":{"rendered":"https:\/\/www.sdcv.org\/?page_id=1412"},"modified":"2025-02-05T11:14:52","modified_gmt":"2025-02-05T10:14:52","slug":"7-9-fevrier-planning","status":"publish","type":"page","link":"https:\/\/www.sdcv.org\/?page_id=1412","title":{"rendered":"7-9 f\u00e9vrier &#8211; planning"},"content":{"rendered":"\n<p><strong><span style=\"text-decoration: underline;\">Vendredi 7 f\u00e9vrier<\/span><\/strong><br><em>Pr\u00e9parations<\/em><br><em>INSTALLATIONS<\/em><br><mark style=\"background-color:#fcb900\" class=\"has-inline-color\"><strong>19.00 CONF\u00c9RENCE<\/strong> <\/mark><br>&lt;\u00a0Histoire d\u2019une construction ><br><strong>P\u00e8re Patrick VIGNERAS<\/strong><\/p>\n\n\n\n<p><strong><span style=\"text-decoration: underline;\">Samedi 8 f\u00e9vrier<\/span><\/strong><br><em>11.00 INSTALLATIONS<\/em><br>14.00 et 16.00 <strong><mark style=\"background-color:#fcb900\" class=\"has-inline-color\">VISITES guid\u00e9es de l\u2019\u00e9glise<\/mark><\/strong><\/p>\n\n\n\n<p><strong><span style=\"text-decoration: underline;\">Dimanche 9 f\u00e9vrier<\/span><\/strong><br>9.00 <strong>installations<\/strong><br><strong>10.15 ACCUEIL<\/strong><br><strong><mark style=\"background-color:#fcb900\" class=\"has-inline-color\">10.30 MESSE<\/mark><\/strong><br><strong>OUVERTURE Musicale F\u00caTE<\/strong><br><strong>11\u00a0.40 installations finales<\/strong><br>     <strong>JEUX<\/strong><br>     <strong>vers 12.2 AP\u00c9RITIFS<\/strong><br><strong><mark style=\"background-color:#fcb900\" class=\"has-inline-color\">vers 13.00 REPAS<\/mark><\/strong><br>(dernier d\u00e9lai d\u2019inscription mercredi midi)<br><mark style=\"background-color:#fcb900\" class=\"has-inline-color\"><strong>15.30<\/strong> <\/mark><br><mark style=\"background-color:#fcb900\" class=\"has-inline-color\"><strong>R\u00c9CITAL chants et guitares<\/strong><\/mark><\/p>\n\n\n\n<p><\/p>\n","protected":false},"excerpt":{"rendered":"<p>Vendredi 7 f\u00e9vrierPr\u00e9parationsINSTALLATIONS19.00 CONF\u00c9RENCE &lt;\u00a0Histoire d\u2019une construction >P\u00e8re Patrick VIGNERAS Samedi 8 f\u00e9vrier11.00 INSTALLATIONS14.00 et 16.00 VISITES guid\u00e9es de l\u2019\u00e9glise Dimanche 9 f\u00e9vrier9.00 installations10.15 ACCUEIL10.30 MESSEOUVERTURE Musicale F\u00caTE11\u00a0.40 installations finales JEUX vers 12.2 AP\u00c9RITIFSvers 13.00 REPAS(dernier d\u00e9lai d\u2019inscription mercredi midi)15.30 R\u00c9CITAL chants et guitares<\/p>\n","protected":false},"author":1,"featured_media":0,"parent":0,"menu_order":0,"comment_status":"closed","ping_status":"closed","template":"","meta":{"footnotes":""},"class_list":["post-1412","page","type-page","status-publish","hentry"],"_links":{"self":[{"href":"https:\/\/www.sdcv.org\/index.php?rest_route=\/wp\/v2\/pages\/1412","targetHints":{"allow":["GET"]}}],"collection":[{"href":"https:\/\/www.sdcv.org\/index.php?rest_route=\/wp\/v2\/pages"}],"about":[{"href":"https:\/\/www.sdcv.org\/index.php?rest_route=\/wp\/v2\/types\/page"}],"author":[{"embeddable":true,"href":"https:\/\/www.sdcv.org\/index.php?rest_route=\/wp\/v2\/users\/1"}],"replies":[{"embeddable":true,"href":"https:\/\/www.sdcv.org\/index.php?rest_route=%2Fwp%2Fv2%2Fcomments&post=1412"}],"version-history":[{"count":1,"href":"https:\/\/www.sdcv.org\/index.php?rest_route=\/wp\/v2\/pages\/1412\/revisions"}],"predecessor-version":[{"id":1413,"href":"https:\/\/www.sdcv.org\/index.php?rest_route=\/wp\/v2\/pages\/1412\/revisions\/1413"}],"wp:attachment":[{"href":"https:\/\/www.sdcv.org\/index.php?rest_route=%2Fwp%2Fv2%2Fmedia&parent=1412"}],"curies":[{"name":"wp","href":"https:\/\/api.w.org\/{rel}","templated":true}]}}