{"id":1323,"date":"2025-01-24T12:06:40","date_gmt":"2025-01-24T11:06:40","guid":{"rendered":"https:\/\/www.sdcv.org\/?page_id=1323"},"modified":"2025-01-31T16:10:50","modified_gmt":"2025-01-31T15:10:50","slug":"150%e1%b5%89-anniversaire","status":"publish","type":"page","link":"https:\/\/www.sdcv.org\/?page_id=1323","title":{"rendered":"150\u1d49 Anniversaire de la pose de la premi\u00e8re pierre"},"content":{"rendered":"\n<p>L&rsquo;\u00e9quipe paroissiale et Xavier Maurin son Cur\u00e9, ont la joie de vous inviter \u00e0 c\u00e9l\u00e9brer les 150\u1d49 Anniversaire de la pose de la premi\u00e8re pierre de l&rsquo;\u00e9glise St Defendent<\/p>\n\n\n\n<p class=\"has-text-align-center has-large-font-size\">dimanche 9 f\u00e9vrier 2025.<\/p>\n\n\n\n<p style=\"font-size:24px\">Messe \u00e0 10:30 pr\u00e9sid\u00e9e par le <strong>Vicaire G\u00e9n\u00e9ral Pierre Brunet<\/strong>.<\/p>\n\n\n\n<ul class=\"wp-block-list\">\n<li>\u00c0 l&rsquo;issue de la messe, un verre de l&rsquo;amiti\u00e9 sera offert \u00e0 tous.<\/li>\n\n\n\n<li>Animations, t\u00e9moignages, exposition de photographies.<\/li>\n\n\n\n<li><strong>Repas paroissial , inscriptions en ligne <\/strong>: \n<ul class=\"wp-block-list\">\n<li><em>Merci de remplir ce formulaire et surtout, pensez \u00e0 cliquer le bouton ENVOYER en bas du formulaire. Les rubriques marqu\u00e9es d&rsquo;une * sont n\u00e9cessaires<\/em>.<\/li>\n<\/ul>\n<\/li>\n\n\n\n<li>Adresse Paroisse St Defendent : 240, avenue de Toulon 13010 Marseille.<\/li>\n\n\n\n<li>Contact : 06 01 88 87 31<\/li>\n<\/ul>\n\n\n\n<figure class=\"wp-block-image size-large\"><a href=\"https:\/\/www.sdcv.org\/wp-content\/uploads\/2025\/01\/IMG_7948-sdcv-150.240126-scaled.jpeg\"><img loading=\"lazy\" decoding=\"async\" width=\"724\" height=\"1024\" src=\"https:\/\/www.sdcv.org\/wp-content\/uploads\/2025\/01\/IMG_7948-sdcv-150.240126-724x1024.jpeg\" alt=\"\" class=\"wp-image-1361\" srcset=\"https:\/\/www.sdcv.org\/wp-content\/uploads\/2025\/01\/IMG_7948-sdcv-150.240126-724x1024.jpeg 724w, https:\/\/www.sdcv.org\/wp-content\/uploads\/2025\/01\/IMG_7948-sdcv-150.240126-212x300.jpeg 212w, https:\/\/www.sdcv.org\/wp-content\/uploads\/2025\/01\/IMG_7948-sdcv-150.240126-768x1086.jpeg 768w, https:\/\/www.sdcv.org\/wp-content\/uploads\/2025\/01\/IMG_7948-sdcv-150.240126-1086x1536.jpeg 1086w, https:\/\/www.sdcv.org\/wp-content\/uploads\/2025\/01\/IMG_7948-sdcv-150.240126-scaled.jpeg 1810w\" sizes=\"auto, (max-width: 724px) 100vw, 724px\" \/><\/a><\/figure>\n\n\n\n<p><\/p>\n\n\n\n<h2 class=\"wp-block-heading\">Inscription au repas du 9 f\u00e9vrier 2025<\/h2>\n\n\n\n<p><strong>Attention<\/strong> : la <strong><mark style=\"background-color:rgba(0, 0, 0, 0)\" class=\"has-inline-color has-vivid-red-color\">date limite d&rsquo;inscription<\/mark><\/strong> est fix\u00e9e au <strong><mark style=\"background-color:rgba(0, 0, 0, 0)\" class=\"has-inline-color has-vivid-red-color\">mercredi 5 f\u00e9vrier<\/mark><\/strong>,<br><strong>ceci pour permettre la pr\u00e9paration du repas<\/strong><\/p>\n\n\n<div class=\"wpforms-container wpforms-container-full wpforms-block wpforms-block-556bedb2-f303-45f5-925e-b3de3b0da3dd wpforms-render-modern\" id=\"wpforms-1333\"><form id=\"wpforms-form-1333\" class=\"wpforms-validate wpforms-form\" data-formid=\"1333\" method=\"post\" enctype=\"multipart\/form-data\" action=\"\/index.php?rest_route=%2Fwp%2Fv2%2Fpages%2F1323\" data-token=\"ac6e0b694be0d1b2e145c423f597c5c3\" data-token-time=\"1776596414\"><div class=\"wpforms-head-container\"><div class=\"wpforms-title\">Formulaire de contact pour sdcv<\/div><div class=\"wpforms-description\">Pour s&rsquo;inscrire au repas du 9 f\u00e9vrier 2025<\/div><\/div><noscript class=\"wpforms-error-noscript\">Veuillez activer JavaScript dans votre navigateur pour remplir ce formulaire.<\/noscript><div id=\"wpforms-error-noscript\" style=\"display: none;\">Veuillez activer JavaScript dans votre navigateur pour remplir ce formulaire.<\/div><div class=\"wpforms-field-container\">\t\t<div id=\"wpforms-1333-field_4-container\"\n\t\t\tclass=\"wpforms-field wpforms-field-text\"\n\t\t\tdata-field-type=\"text\"\n\t\t\tdata-field-id=\"4\"\n\t\t\t>\n\t\t\t<label class=\"wpforms-field-label\" for=\"wpforms-1333-field_4\" >et nom ou<\/label>\n\t\t\t<input type=\"text\" id=\"wpforms-1333-field_4\" class=\"wpforms-field-medium\" name=\"wpforms[fields][4]\" >\n\t\t<\/div>\n\t\t<div id=\"wpforms-1333-field_1-container\" class=\"wpforms-field wpforms-field-name\" data-field-id=\"1\"><fieldset><legend class=\"wpforms-field-label\">Votre pr\u00e9nom et nom <span class=\"wpforms-required-label\" aria-hidden=\"true\">*<\/span><\/legend><div class=\"wpforms-field-row wpforms-field-medium\"><div class=\"wpforms-field-row-block wpforms-first wpforms-one-half\"><input type=\"text\" id=\"wpforms-1333-field_1\" class=\"wpforms-field-name-first wpforms-field-required\" name=\"wpforms[fields][1][first]\" aria-errormessage=\"wpforms-1333-field_1-error\" required><label for=\"wpforms-1333-field_1\" class=\"wpforms-field-sublabel after\">Pr\u00e9nom<\/label><\/div><div class=\"wpforms-field-row-block wpforms-one-half\"><input type=\"text\" id=\"wpforms-1333-field_1-last\" class=\"wpforms-field-name-last wpforms-field-required\" name=\"wpforms[fields][1][last]\" aria-errormessage=\"wpforms-1333-field_1-last-error\" required><label for=\"wpforms-1333-field_1-last\" class=\"wpforms-field-sublabel after\">Nom<\/label><\/div><\/div><\/fieldset><\/div><div id=\"wpforms-1333-field_2-container\" class=\"wpforms-field wpforms-field-email\" data-field-id=\"2\"><label class=\"wpforms-field-label\" for=\"wpforms-1333-field_2\">votre E-mail <span class=\"wpforms-required-label\" aria-hidden=\"true\">*<\/span><\/label><input type=\"email\" id=\"wpforms-1333-field_2\" class=\"wpforms-field-small wpforms-field-required\" name=\"wpforms[fields][2]\" spellcheck=\"false\" aria-errormessage=\"wpforms-1333-field_2-error\" required><\/div><div id=\"wpforms-1333-field_5-container\" class=\"wpforms-field wpforms-field-number\" data-field-id=\"5\"><label class=\"wpforms-field-label\" for=\"wpforms-1333-field_5\">Nombre total de participants<\/label><input type=\"number\" id=\"wpforms-1333-field_5\" class=\"wpforms-field-small\" name=\"wpforms[fields][5]\" step=\"any\" aria-errormessage=\"wpforms-1333-field_5-error\" ><\/div><div id=\"wpforms-1333-field_3-container\" class=\"wpforms-field wpforms-field-textarea\" data-field-id=\"3\"><label class=\"wpforms-field-label\" for=\"wpforms-1333-field_3\">Commentaire ou message<\/label><textarea id=\"wpforms-1333-field_3\" class=\"wpforms-field-small wpforms-limit-characters-enabled\" data-form-id=\"1333\" data-field-id=\"3\" data-text-limit=\"100\" name=\"wpforms[fields][3]\" placeholder=\"Votre commentaire (facultatif)\" aria-errormessage=\"wpforms-1333-field_3-error\" maxlength=\"100\" >Sans commentaire<\/textarea><\/div><script>\n\t\t\t\t( function() {\n\t\t\t\t\tconst style = document.createElement( 'style' );\n\t\t\t\t\tstyle.appendChild( document.createTextNode( '#wpforms-1333-field_4-container { position: absolute !important; overflow: hidden !important; display: inline !important; height: 1px !important; width: 1px !important; z-index: -1000 !important; padding: 0 !important; } #wpforms-1333-field_4-container input { visibility: hidden; } #wpforms-conversational-form-page #wpforms-1333-field_4-container label { counter-increment: none; }' ) );\n\t\t\t\t\tdocument.head.appendChild( style );\n\t\t\t\t\tdocument.currentScript?.remove();\n\t\t\t\t} )();\n\t\t\t<\/script><\/div><!-- .wpforms-field-container --><div class=\"wpforms-submit-container\" ><input type=\"hidden\" name=\"wpforms[id]\" value=\"1333\"><input type=\"hidden\" name=\"page_title\" value=\"\"><input type=\"hidden\" name=\"page_url\" value=\"https:\/\/www.sdcv.org\/index.php?rest_route=\/wp\/v2\/pages\/1323\"><input type=\"hidden\" name=\"url_referer\" value=\"\"><button type=\"submit\" name=\"wpforms[submit]\" id=\"wpforms-submit-1333\" class=\"wpforms-submit\" data-alt-text=\"Envoi...\" data-submit-text=\"Envoyer\" aria-live=\"assertive\" value=\"wpforms-submit\">Envoyer<\/button><\/div><\/form><\/div>  <!-- .wpforms-container -->\n\n\n<p><\/p>\n","protected":false},"excerpt":{"rendered":"<p>L&rsquo;\u00e9quipe paroissiale et Xavier Maurin son Cur\u00e9, ont la joie de vous inviter \u00e0 c\u00e9l\u00e9brer les 150\u1d49 Anniversaire de la pose de la premi\u00e8re pierre de l&rsquo;\u00e9glise St Defendent dimanche 9 f\u00e9vrier 2025. Messe \u00e0 10:30 pr\u00e9sid\u00e9e par le Vicaire G\u00e9n\u00e9ral Pierre Brunet. Inscription au repas du 9 f\u00e9vrier 2025 Attention : la date limite [&hellip;]<\/p>\n","protected":false},"author":1,"featured_media":0,"parent":0,"menu_order":0,"comment_status":"closed","ping_status":"closed","template":"","meta":{"footnotes":""},"class_list":["post-1323","page","type-page","status-publish","hentry"],"_links":{"self":[{"href":"https:\/\/www.sdcv.org\/index.php?rest_route=\/wp\/v2\/pages\/1323","targetHints":{"allow":["GET"]}}],"collection":[{"href":"https:\/\/www.sdcv.org\/index.php?rest_route=\/wp\/v2\/pages"}],"about":[{"href":"https:\/\/www.sdcv.org\/index.php?rest_route=\/wp\/v2\/types\/page"}],"author":[{"embeddable":true,"href":"https:\/\/www.sdcv.org\/index.php?rest_route=\/wp\/v2\/users\/1"}],"replies":[{"embeddable":true,"href":"https:\/\/www.sdcv.org\/index.php?rest_route=%2Fwp%2Fv2%2Fcomments&post=1323"}],"version-history":[{"count":15,"href":"https:\/\/www.sdcv.org\/index.php?rest_route=\/wp\/v2\/pages\/1323\/revisions"}],"predecessor-version":[{"id":1707,"href":"https:\/\/www.sdcv.org\/index.php?rest_route=\/wp\/v2\/pages\/1323\/revisions\/1707"}],"wp:attachment":[{"href":"https:\/\/www.sdcv.org\/index.php?rest_route=%2Fwp%2Fv2%2Fmedia&parent=1323"}],"curies":[{"name":"wp","href":"https:\/\/api.w.org\/{rel}","templated":true}]}}