{"id":1088,"date":"2024-05-07T17:16:19","date_gmt":"2024-05-07T15:16:19","guid":{"rendered":"https:\/\/www.sdcv.org\/?page_id=1088"},"modified":"2024-05-07T17:17:44","modified_gmt":"2024-05-07T15:17:44","slug":"2024-05-04-a4-txt","status":"publish","type":"page","link":"https:\/\/www.sdcv.org\/?page_id=1088","title":{"rendered":"2024-05-04-A4-txt"},"content":{"rendered":"\n<p class=\"has-large-font-size\"><strong>Paroisse Saint D\u00e9fendent<\/strong><\/p>\n\n\n\n<p style=\"font-size:28px\">240 avenue de Toulon<br>13010 Marseille<br>T\u00e9l\u00a0: 04 91 60 06 03 <br><strong>Semaine du 5 au 12 mai 2024<\/strong><\/p>\n\n\n\n<figure class=\"wp-block-table\"><table><tbody><tr><td>Lundi<\/td><td>Mardi<\/td><td>Mercredi<\/td><td class=\"has-text-align-center\" data-align=\"center\"><strong>Jeudi<\/strong><\/td><td>Vendredi<\/td><td class=\"has-text-align-center\" data-align=\"center\">Samedi<\/td><td><strong>Dimanche<\/strong><\/td><\/tr><tr><td>6<\/td><td>7<\/td><td>8<\/td><td class=\"has-text-align-center\" data-align=\"center\"><strong>9<\/strong><\/td><td>10<\/td><td class=\"has-text-align-center\" data-align=\"center\">11<\/td><td><strong>12<\/strong><\/td><\/tr><tr><td><br><br><em>Ferm\u00e9<\/em><br><br><br><br><br><\/td><td><br><br><br><br><br><br><\/td><td><br><br><br><br><br><\/td><td class=\"has-text-align-center\" data-align=\"center\"><strong>F\u00eate de l\u2019Ascension 10.30 Messe<\/strong><strong><br><\/strong><br><br><\/td><td><br><br><br><br><br><\/td><td class=\"has-text-align-center\" data-align=\"center\"><strong>8.30 &#8211; 11.00<\/strong> <strong>accueil Partage caf\u00e9<br>Petits D\u00e9jeuner de<br>Saint D\u00e9fendent<\/strong><em><strong><br><\/strong><\/em><br><br><em><strong>15.30<br>cat\u00e9chisme<\/strong><\/em><br><br><\/td><td>7\u00b0 dimanche de P\u00e2ques <strong>10.30<\/strong> <strong>Messe<\/strong><strong><br><\/strong><br><\/td><\/tr><\/tbody><\/table><figcaption class=\"wp-element-caption\"><strong>Semaine du 5 au 12 mai 2024<\/strong><\/figcaption><\/figure>\n\n\n\n<p><em><strong>8 mai Marseille accueille la flamme &#8211; 11.30 c\u00e9l\u00e9bration \u0153cum\u00e9nique \u00e0 St F\u00e9rr\u00e9ol &#8211; 16.30 messe \u00e0 ND de La Garde<br>9 mai 8.20 D\u00e9part du relais de la flamme ND de la Garde 8.20<\/strong><\/em><\/p>\n","protected":false},"excerpt":{"rendered":"<p>Paroisse Saint D\u00e9fendent 240 avenue de Toulon13010 MarseilleT\u00e9l\u00a0: 04 91 60 06 03 Semaine du 5 au 12 mai 2024 Lundi Mardi Mercredi Jeudi Vendredi Samedi Dimanche 6 7 8 9 10 11 12 Ferm\u00e9 F\u00eate de l\u2019Ascension 10.30 Messe 8.30 &#8211; 11.00 accueil Partage caf\u00e9Petits D\u00e9jeuner deSaint D\u00e9fendent 15.30cat\u00e9chisme 7\u00b0 dimanche de P\u00e2ques 10.30 [&hellip;]<\/p>\n","protected":false},"author":1,"featured_media":0,"parent":0,"menu_order":0,"comment_status":"closed","ping_status":"closed","template":"","meta":{"footnotes":""},"class_list":["post-1088","page","type-page","status-publish","hentry"],"_links":{"self":[{"href":"https:\/\/www.sdcv.org\/index.php?rest_route=\/wp\/v2\/pages\/1088","targetHints":{"allow":["GET"]}}],"collection":[{"href":"https:\/\/www.sdcv.org\/index.php?rest_route=\/wp\/v2\/pages"}],"about":[{"href":"https:\/\/www.sdcv.org\/index.php?rest_route=\/wp\/v2\/types\/page"}],"author":[{"embeddable":true,"href":"https:\/\/www.sdcv.org\/index.php?rest_route=\/wp\/v2\/users\/1"}],"replies":[{"embeddable":true,"href":"https:\/\/www.sdcv.org\/index.php?rest_route=%2Fwp%2Fv2%2Fcomments&post=1088"}],"version-history":[{"count":3,"href":"https:\/\/www.sdcv.org\/index.php?rest_route=\/wp\/v2\/pages\/1088\/revisions"}],"predecessor-version":[{"id":1095,"href":"https:\/\/www.sdcv.org\/index.php?rest_route=\/wp\/v2\/pages\/1088\/revisions\/1095"}],"wp:attachment":[{"href":"https:\/\/www.sdcv.org\/index.php?rest_route=%2Fwp%2Fv2%2Fmedia&parent=1088"}],"curies":[{"name":"wp","href":"https:\/\/api.w.org\/{rel}","templated":true}]}}