{"id":1049,"date":"2023-11-30T17:43:29","date_gmt":"2023-11-30T16:43:29","guid":{"rendered":"https:\/\/www.sdcv.org\/?page_id=1049"},"modified":"2023-11-30T17:43:29","modified_gmt":"2023-11-30T16:43:29","slug":"concert-de-noel-avec-le-choeur-promusica","status":"publish","type":"page","link":"https:\/\/www.sdcv.org\/?page_id=1049","title":{"rendered":"Concert de No\u00eal avec le choeur Promusica"},"content":{"rendered":"\n<figure class=\"wp-block-image size-large\"><a href=\"https:\/\/www.sdcv.org\/wp-content\/uploads\/2023\/11\/231130-noel-st-defendent-IMG-20231108-WA0000.jpg\"><img loading=\"lazy\" decoding=\"async\" width=\"730\" height=\"1024\" src=\"https:\/\/www.sdcv.org\/wp-content\/uploads\/2023\/11\/231130-noel-st-defendent-IMG-20231108-WA0000-730x1024.jpg\" alt=\"Concert de No\u00ebl \u00e0 Saint D\u00e9fendent par le choeur Promusica le 16 d\u00e9cembre \u00e0 16 H 00, sous la direction de Yeomyoung LIM et l'accompagnement de Monique Thus.\" class=\"wp-image-1050\" srcset=\"https:\/\/www.sdcv.org\/wp-content\/uploads\/2023\/11\/231130-noel-st-defendent-IMG-20231108-WA0000-730x1024.jpg 730w, https:\/\/www.sdcv.org\/wp-content\/uploads\/2023\/11\/231130-noel-st-defendent-IMG-20231108-WA0000-214x300.jpg 214w, https:\/\/www.sdcv.org\/wp-content\/uploads\/2023\/11\/231130-noel-st-defendent-IMG-20231108-WA0000-768x1078.jpg 768w, https:\/\/www.sdcv.org\/wp-content\/uploads\/2023\/11\/231130-noel-st-defendent-IMG-20231108-WA0000-1095x1536.jpg 1095w, https:\/\/www.sdcv.org\/wp-content\/uploads\/2023\/11\/231130-noel-st-defendent-IMG-20231108-WA0000.jpg 1290w\" sizes=\"auto, (max-width: 730px) 100vw, 730px\" \/><\/a><\/figure>\n","protected":false},"excerpt":{"rendered":"","protected":false},"author":1,"featured_media":0,"parent":0,"menu_order":0,"comment_status":"closed","ping_status":"closed","template":"","meta":{"footnotes":""},"class_list":["post-1049","page","type-page","status-publish","hentry"],"_links":{"self":[{"href":"https:\/\/www.sdcv.org\/index.php?rest_route=\/wp\/v2\/pages\/1049","targetHints":{"allow":["GET"]}}],"collection":[{"href":"https:\/\/www.sdcv.org\/index.php?rest_route=\/wp\/v2\/pages"}],"about":[{"href":"https:\/\/www.sdcv.org\/index.php?rest_route=\/wp\/v2\/types\/page"}],"author":[{"embeddable":true,"href":"https:\/\/www.sdcv.org\/index.php?rest_route=\/wp\/v2\/users\/1"}],"replies":[{"embeddable":true,"href":"https:\/\/www.sdcv.org\/index.php?rest_route=%2Fwp%2Fv2%2Fcomments&post=1049"}],"version-history":[{"count":1,"href":"https:\/\/www.sdcv.org\/index.php?rest_route=\/wp\/v2\/pages\/1049\/revisions"}],"predecessor-version":[{"id":1051,"href":"https:\/\/www.sdcv.org\/index.php?rest_route=\/wp\/v2\/pages\/1049\/revisions\/1051"}],"wp:attachment":[{"href":"https:\/\/www.sdcv.org\/index.php?rest_route=%2Fwp%2Fv2%2Fmedia&parent=1049"}],"curies":[{"name":"wp","href":"https:\/\/api.w.org\/{rel}","templated":true}]}}